{"id":24,"date":"2025-02-19T19:22:18","date_gmt":"2025-02-19T18:22:18","guid":{"rendered":"http:\/\/www.saengerrunde.net\/sgrd\/?page_id=24"},"modified":"2026-04-02T11:24:31","modified_gmt":"2026-04-02T09:24:31","slug":"wann-wo","status":"publish","type":"page","link":"https:\/\/www.saengerrunde.net\/sgrd\/index.php\/wann-wo\/","title":{"rendered":"Wann &#038; Wo"},"content":{"rendered":"<p>[et_pb_section fb_built=&#8220;1&#8243; _builder_version=&#8220;4.27.4&#8243; _module_preset=&#8220;_initial&#8220;][et_pb_row _builder_version=&#8220;4.27.4&#8243; _module_preset=&#8220;default&#8220; global_colors_info=&#8220;{}&#8220;][et_pb_column type=&#8220;4_4&#8243; _builder_version=&#8220;4.27.4&#8243; _module_preset=&#8220;default&#8220; global_colors_info=&#8220;{}&#8220;][et_pb_text _builder_version=&#8220;4.27.4&#8243; _module_preset=&#8220;6efb6bbd-12a1-4834-b469-9798f4a40b40&#8243; text_text_color=&#8220;#E02B20&#8243; link_text_color=&#8220;gcid-d7cd5a78-aaef-4f36-82a3-4d3706015cba&#8220; global_colors_info=&#8220;{%22gcid-1f1b4e15-7cc6-4e13-8154-74d77a956460%22:%91%22quote_text_color%22%93,%22gcid-d7cd5a78-aaef-4f36-82a3-4d3706015cba%22:%91%22link_text_color%22,%22quote_text_color%22%93,%22gcid-primary-color%22:%91%22quote_text_color%22%93}&#8220;]<\/p>\n<p><strong>Wann &amp; Wo &#8230;<\/strong><\/p>\n<p>[\/et_pb_text][et_pb_text _builder_version=&#8220;4.27.5&#8243; _module_preset=&#8220;6efb6bbd-12a1-4834-b469-9798f4a40b40&#8243; link_text_color=&#8220;gcid-d7cd5a78-aaef-4f36-82a3-4d3706015cba&#8220; global_colors_info=&#8220;{%22gcid-1f1b4e15-7cc6-4e13-8154-74d77a956460%22:%91%22quote_text_color%22%93,%22gcid-d7cd5a78-aaef-4f36-82a3-4d3706015cba%22:%91%22link_text_color%22,%22quote_text_color%22%93,%22gcid-primary-color%22:%91%22quote_text_color%22%93}&#8220;]<\/p>\n<p>&nbsp;<\/p>\n<table border=\"1\" style=\"border-collapse: collapse; width: 101.947%; height: 506px;\">\n<tbody>\n<tr style=\"height: 10px;\">\n<td style=\"width: 25%; height: 10px;\"><strong>&#8230; kein Auftritt ohne Probe<\/strong><\/td>\n<td style=\"width: 25%; height: 10px;\"><\/td>\n<\/tr>\n<tr style=\"height: 10px;\">\n<td style=\"width: 25%; height: 10px;\"><\/td>\n<td style=\"width: 25%; height: 10px;\">Wir proben jeden Dienstag um 19h30 bei den Barmherzigen Br\u00fcdern in Kritzendorf Hauptstra\u00dfe 20, wo uns freundlicherweise ein Raum zum Proben zur Verf\u00fcgung gestellt wird.<br \/>Wir treffen uns ab 19h15 beim Eingang.<\/td>\n<\/tr>\n<tr style=\"height: 10px;\">\n<td style=\"width: 25%; height: 10px;\"><\/td>\n<td style=\"width: 25%; height: 10px;\"><\/td>\n<\/tr>\n<tr style=\"height: 10px;\">\n<td style=\"width: 25%; height: 10px;\"><strong>&#8230; wann und wo wir zu h\u00f6ren sind<\/strong><\/td>\n<td style=\"width: 25%; height: 10px;\"><\/td>\n<\/tr>\n<tr style=\"height: 24px;\">\n<td style=\"width: 25%; text-align: right; height: 24px;\">Sonntag, 19.4.2026 &#8211; 16h30<\/td>\n<td style=\"width: 25%; text-align: left; height: 24px;\"><strong>75 Jahre Jubil\u00e4ums-Liedertafel <\/strong>der S\u00e4ngerrunde<br \/><strong>&#8222;forever young&#8220; &#8211; Barcok bis Rock a cappella<\/strong><br \/>mit Gastch\u00f6ren Distelbl\u00fcten, Kammer<em>Chorus<\/em><strong><em>, <\/em><\/strong>Pillerkoor, Kammerchor und Gesangsverein Waidhofen\/Thaya<br \/>Festsaal der Raiffeisenbank Tulln-Klosterneuburg<br \/>Rathausplatz 7, Klosterneuburg<\/td>\n<\/tr>\n<tr style=\"height: 24px;\">\n<td style=\"width: 25%; text-align: right; height: 24px;\">1.5.2026 &#8211; 13h00<\/td>\n<td style=\"width: 25%; text-align: left; height: 24px;\">Kulturpicknick beim Heurigen <a href=\"https:\/\/www.ubl-schober.at\/\" target=\"_blank\" rel=\"noopener\" title=\"Heuriger Ubl-Schober\">&#8222;Ubl-Schober&#8220;<\/a>, Kritzendorf\u00a0<\/td>\n<\/tr>\n<tr style=\"height: 24px;\">\n<td style=\"width: 25%; text-align: right; height: 24px;\">25.5.2026<\/td>\n<td style=\"width: 25%; text-align: left; height: 24px;\">&#8222;Eing&#8217;steckt is'&#8220; Festivalheuriger St.Andr\u00e4-W\u00f6rdern<\/td>\n<\/tr>\n<tr style=\"height: 24px;\">\n<td style=\"width: 25%; text-align: right; height: 24px;\">13.12.2026 &#8211; 17h00<\/td>\n<td style=\"width: 25%; text-align: left; height: 24px;\">Adventsingen der S\u00e4ngerrunde, Amtshaus Kritzendorf, Hauptstra\u00dfe 56-58<\/td>\n<\/tr>\n<tr style=\"height: 24px;\">\n<td style=\"width: 25%; text-align: right; height: 24px;\"><\/td>\n<td style=\"width: 25%; text-align: left; height: 24px;\"><\/td>\n<\/tr>\n<tr style=\"height: 24px;\">\n<td style=\"width: 25%; height: 24px; text-align: left;\"><strong>&#8230; wann wir zuletzt wo gesungen haben<\/strong><\/td>\n<td style=\"width: 25%; text-align: left; height: 24px;\"><\/td>\n<\/tr>\n<tr style=\"height: 48px;\">\n<td style=\"width: 25%; text-align: right; height: 48px;\">\u00a021.12.2025<\/td>\n<td style=\"width: 25%; text-align: left; height: 48px;\"><strong>Musikalisches Kritzendorfer Adventfester <\/strong>beim<br \/>Heurigen <a href=\"https:\/\/www.flexleitenhof.at\/buschenschank\/\">Flexleitenhof<\/a>, Kritzendorf<\/td>\n<\/tr>\n<tr style=\"height: 72px;\">\n<td style=\"width: 25%; text-align: right; height: 72px;\">12.10.2025<\/td>\n<td style=\"width: 25%; text-align: left; height: 72px;\"><strong>OHRW\u00dcRMER a cappella<\/strong><br \/>Herbstliedertafel der S\u00e4ngerrunde Kritzendorf<br \/>Amtshaus Kritzendorf, Hauptstra\u00dfe 56-58<\/td>\n<\/tr>\n<tr style=\"height: 24px;\">\n<td style=\"width: 25%; text-align: right; height: 24px;\">29.5.2025<\/td>\n<td style=\"width: 25%; text-align: left; height: 24px;\">Eing&#8217;steck is&#8216; &#8211; Festivalheuriger W\u00f6rdern<\/td>\n<\/tr>\n<tr style=\"height: 10px;\">\n<td style=\"width: 25%; height: 10px; text-align: right;\">1.5.2025<\/td>\n<td style=\"width: 25%; text-align: left; height: 10px;\">Kulturpicknick beim Heurigen<a href=\"https:\/\/www.ubl-schober.at\/\" target=\"_blank\" rel=\"noopener\" title=\"Heuriger Ubl-Schober\"> &#8222;Ubl-Schober&#8220;<\/a><\/td>\n<\/tr>\n<tr style=\"height: 48px;\">\n<td style=\"width: 25%; text-align: right; height: 48px;\">15.12.2024<\/td>\n<td style=\"width: 25%; text-align: left; height: 48px;\">Adventsingen der S\u00e4ngerrunde<\/td>\n<\/tr>\n<tr style=\"height: 24px;\">\n<td style=\"width: 25%; text-align: right; height: 24px;\">1.12.2024<\/td>\n<td style=\"width: 25%; text-align: left; height: 24px;\">Advent-Benefiz-Konzert in der Pfarrkirche H\u00f6flein<\/td>\n<\/tr>\n<tr style=\"height: 24px;\">\n<td style=\"width: 25%; text-align: right; height: 24px;\">8.6.2024<\/td>\n<td style=\"width: 25%; text-align: left; height: 24px;\">Liedertafel der S\u00e4ngerrunde mit dem Gastchor &#8222;S\u00e4ngerrunde Kierling&#8220;<\/td>\n<\/tr>\n<tr style=\"height: 48px;\">\n<td style=\"width: 25%; text-align: right; height: 48px;\">25.5.2024<\/td>\n<td style=\"width: 25%; text-align: left; height: 48px;\">Er\u00f6ffnung Musik-Pavillon Strombad Kritzendorf<\/td>\n<\/tr>\n<tr style=\"height: 48px;\">\n<td style=\"width: 25%; text-align: right; height: 48px;\">24.5.2024<\/td>\n<td style=\"width: 25%; text-align: left; height: 48px;\">Eing&#8217;steck is&#8216; -Festival-Heuriger St.Andr\u00e4-W\u00f6rdern<\/td>\n<\/tr>\n<tr style=\"height: 48px;\">\n<td style=\"width: 25%; text-align: right; height: 48px;\">1.5.2024<\/td>\n<td style=\"width: 25%; text-align: left; height: 48px;\">Kulturpicknick beim Heurigen Ubl-Schober<\/td>\n<\/tr>\n<\/tbody>\n<\/table>\n<p>&nbsp;<\/p>\n<p>[\/et_pb_text][\/et_pb_column][\/et_pb_row][\/et_pb_section]<\/p>\n","protected":false},"excerpt":{"rendered":"<p>Wann &amp; Wo &#8230;&nbsp; &#8230; kein Auftritt ohne Probe Wir proben jeden Dienstag um 19h30 bei den Barmherzigen Br\u00fcdern in Kritzendorf Hauptstra\u00dfe 20, wo uns freundlicherweise ein Raum zum Proben zur Verf\u00fcgung gestellt wird.Wir treffen uns ab 19h15 beim Eingang. &#8230; wann und wo wir zu h\u00f6ren sind Sonntag, 19.4.2026 &#8211; 16h30 75 Jahre Jubil\u00e4ums-Liedertafel [&hellip;]<\/p>\n","protected":false},"author":1,"featured_media":0,"parent":0,"menu_order":0,"comment_status":"closed","ping_status":"closed","template":"","meta":{"_et_pb_use_builder":"on","_et_pb_old_content":"","_et_gb_content_width":"","footnotes":""},"class_list":["post-24","page","type-page","status-publish","hentry"],"_links":{"self":[{"href":"https:\/\/www.saengerrunde.net\/sgrd\/index.php\/wp-json\/wp\/v2\/pages\/24","targetHints":{"allow":["GET"]}}],"collection":[{"href":"https:\/\/www.saengerrunde.net\/sgrd\/index.php\/wp-json\/wp\/v2\/pages"}],"about":[{"href":"https:\/\/www.saengerrunde.net\/sgrd\/index.php\/wp-json\/wp\/v2\/types\/page"}],"author":[{"embeddable":true,"href":"https:\/\/www.saengerrunde.net\/sgrd\/index.php\/wp-json\/wp\/v2\/users\/1"}],"replies":[{"embeddable":true,"href":"https:\/\/www.saengerrunde.net\/sgrd\/index.php\/wp-json\/wp\/v2\/comments?post=24"}],"version-history":[{"count":21,"href":"https:\/\/www.saengerrunde.net\/sgrd\/index.php\/wp-json\/wp\/v2\/pages\/24\/revisions"}],"predecessor-version":[{"id":296,"href":"https:\/\/www.saengerrunde.net\/sgrd\/index.php\/wp-json\/wp\/v2\/pages\/24\/revisions\/296"}],"wp:attachment":[{"href":"https:\/\/www.saengerrunde.net\/sgrd\/index.php\/wp-json\/wp\/v2\/media?parent=24"}],"curies":[{"name":"wp","href":"https:\/\/api.w.org\/{rel}","templated":true}]}}