{"id":20,"date":"2025-02-19T19:22:18","date_gmt":"2025-02-19T18:22:18","guid":{"rendered":"http:\/\/www.saengerrunde.net\/sgrd\/?page_id=20"},"modified":"2025-02-20T09:25:37","modified_gmt":"2025-02-20T08:25:37","slug":"adventsingen","status":"publish","type":"page","link":"https:\/\/www.saengerrunde.net\/sgrd\/index.php\/adventsingen\/","title":{"rendered":"Adventsingen"},"content":{"rendered":"<p>[et_pb_section fb_built=&#8220;1&#8243; admin_label=&#8220;Header &#8220; _builder_version=&#8220;4.27.4&#8243; _module_preset=&#8220;_initial&#8220; background_color=&#8220;#438708&#8243; use_background_color_gradient=&#8220;on&#8220; background_color_gradient_stops=&#8220;#2b87da 0%|#29c4a9 53%&#8220; custom_margin=&#8220;||||false|false&#8220; locked=&#8220;off&#8220; collapsed=&#8220;on&#8220; global_colors_info=&#8220;{%22gcid-1f1bf5fb-a99d-4acc-8d9e-ddac074c158c%22:%91%22background_color_gradient_stops%22%93,%22gcid-a78660e1-cfc7-4771-a566-6834d6a7f06a%22:%91%22background_color_gradient_stops%22%93,%22gcid-24b0db87-dafa-47d9-995f-b90181e18c52%22:%91%22background_color_gradient_stops%22%93}&#8220;][et_pb_row _builder_version=&#8220;4.25.1&#8243; _module_preset=&#8220;default&#8220; global_colors_info=&#8220;{}&#8220;][et_pb_column type=&#8220;4_4&#8243; _builder_version=&#8220;4.25.1&#8243; _module_preset=&#8220;default&#8220; global_colors_info=&#8220;{}&#8220;][et_pb_heading title=&#8220;Adventsingen&#8220; _builder_version=&#8220;4.25.2&#8243; _module_preset=&#8220;0282dd0d-8e79-4977-96d2-ef98d6d3d069&#8243; title_text_color=&#8220;#FFFFFF&#8220; custom_margin=&#8220;||10px||false|false&#8220; global_colors_info=&#8220;{}&#8220;][\/et_pb_heading][et_pb_text _builder_version=&#8220;4.27.4&#8243; _module_preset=&#8220;6efb6bbd-12a1-4834-b469-9798f4a40b40&#8243; text_text_color=&#8220;#FFFFFF&#8220; link_text_color=&#8220;gcid-d7cd5a78-aaef-4f36-82a3-4d3706015cba&#8220; global_colors_info=&#8220;{%22gcid-1f1b4e15-7cc6-4e13-8154-74d77a956460%22:%91%22quote_text_color%22%93,%22gcid-d7cd5a78-aaef-4f36-82a3-4d3706015cba%22:%91%22link_text_color%22,%22quote_text_color%22%93,%22gcid-primary-color%22:%91%22quote_text_color%22%93}&#8220;]<\/p>\n<p><span>Jedes Jahr im Dezember veranstaltet die S\u00e4ngerrunde Kritzendorf ein &#8222;Adventsingen&#8220;.<\/span><\/p>\n<p>[\/et_pb_text][et_pb_text _builder_version=&#8220;4.27.4&#8243; _module_preset=&#8220;6efb6bbd-12a1-4834-b469-9798f4a40b40&#8243; text_text_color=&#8220;#EDF000&#8243; link_text_color=&#8220;gcid-d7cd5a78-aaef-4f36-82a3-4d3706015cba&#8220; hover_enabled=&#8220;0&#8243; global_colors_info=&#8220;{%22gcid-1f1b4e15-7cc6-4e13-8154-74d77a956460%22:%91%22quote_text_color%22%93,%22gcid-d7cd5a78-aaef-4f36-82a3-4d3706015cba%22:%91%22link_text_color%22,%22quote_text_color%22%93,%22gcid-primary-color%22:%91%22quote_text_color%22%93}&#8220; sticky_enabled=&#8220;0&#8243;]<\/p>\n<p><span style=\"font-size: 16px;\"><strong>Adventsingen?\u00a0 &#8211; Was ist das eigentlich?<\/strong>\u00a0<\/span><\/p>\n<p>[\/et_pb_text][et_pb_text _builder_version=&#8220;4.27.4&#8243; _module_preset=&#8220;6efb6bbd-12a1-4834-b469-9798f4a40b40&#8243; text_text_color=&#8220;#FFFFFF&#8220; link_text_color=&#8220;gcid-d7cd5a78-aaef-4f36-82a3-4d3706015cba&#8220; global_colors_info=&#8220;{%22gcid-1f1b4e15-7cc6-4e13-8154-74d77a956460%22:%91%22quote_text_color%22%93,%22gcid-d7cd5a78-aaef-4f36-82a3-4d3706015cba%22:%91%22link_text_color%22,%22quote_text_color%22%93,%22gcid-primary-color%22:%91%22quote_text_color%22%93}&#8220;]<\/p>\n<p><span>Der Ursprung und das Vorbild zahlreicher Adventsingen ist das Salzburger Adventsingen, das 1946 erstmals, damals noch in kleinem Rahmen, von Tobi Reiser f\u00fcr Freunde und Bekannte veranstaltet wurde. Diese kleine Veranstaltung wurde kontinuierlich gr\u00f6\u00dfer und wechselte mehrmals den Veranstaltungsort, bis es 1952 in das damals neue Gro\u00dfe Salzburger Festspielhaus \u00fcbersiedelte. J\u00e4hrlich kommen rund 36.000 Besucher zum Salzburger Adventsingen.<\/span><\/p>\n<p><span>Von Beginn an geh\u00f6ren Ch\u00f6re, Musikgruppen, Lesungen und Sternsinger dazu. Jedes Jahr gestalten \u00fcber 150 S\u00e4nger, Musikanten, Schauspieler und Hirtenkinder aus dem Salzburger Raum das Adventsingen unter einem anderen Motto.<\/span><\/p>\n<p>[\/et_pb_text][et_pb_text _builder_version=&#8220;4.27.4&#8243; _module_preset=&#8220;6efb6bbd-12a1-4834-b469-9798f4a40b40&#8243; text_text_color=&#8220;#EDF000&#8243; link_text_color=&#8220;gcid-d7cd5a78-aaef-4f36-82a3-4d3706015cba&#8220; custom_padding=&#8220;||11px|||&#8220; hover_enabled=&#8220;0&#8243; global_colors_info=&#8220;{%22gcid-1f1b4e15-7cc6-4e13-8154-74d77a956460%22:%91%22quote_text_color%22%93,%22gcid-d7cd5a78-aaef-4f36-82a3-4d3706015cba%22:%91%22link_text_color%22,%22quote_text_color%22%93,%22gcid-primary-color%22:%91%22quote_text_color%22%93}&#8220; sticky_enabled=&#8220;0&#8243;]<\/p>\n<p><span style=\"font-size: 16px;\"><strong>Das Kritzendorfer Adventsingen<\/strong><\/span><\/p>\n<p>[\/et_pb_text][et_pb_text _builder_version=&#8220;4.27.4&#8243; _module_preset=&#8220;6efb6bbd-12a1-4834-b469-9798f4a40b40&#8243; text_text_color=&#8220;#FFFFFF&#8220; link_text_color=&#8220;gcid-d7cd5a78-aaef-4f36-82a3-4d3706015cba&#8220; global_colors_info=&#8220;{%22gcid-1f1b4e15-7cc6-4e13-8154-74d77a956460%22:%91%22quote_text_color%22%93,%22gcid-d7cd5a78-aaef-4f36-82a3-4d3706015cba%22:%91%22link_text_color%22,%22quote_text_color%22%93,%22gcid-primary-color%22:%91%22quote_text_color%22%93}&#8220;]<\/p>\n<p><span>Schon bald nach der Gr\u00fcndung 1951 veranstaltete auch die S\u00e4ngerrunde Kritzendorf ein Adventsingen in Kritzendorf und es geh\u00f6rt hier auch dazu, dass neben den Gesangsst\u00fccken Musiker auftreten und Gedichte und Texte vorgetragen werden. Im Laufe der Jahre wurde auch so manches Hirtenspiel aufgef\u00fchrt. Auch das gemeinsame Singen mit dem Publikum ist l\u00e4ngst liebgewordene Tradition geworden.<\/span><\/p>\n<p><span>Allein im Laufe der letzten 15 Jahre wurden beim Kritzendorfer Adventsingen rund 75 verschiedene Lieder von der S\u00e4ngerrunde gesungen. Und das in den verschiedensten Sprachen, wie Englisch, Franz\u00f6sisch, Spanisch, Italienisch, Finnisch, Ungarisch und sogar Lateinisch. F\u00fcr einige besonders alte Lieder aus dem 15. und 16. Jahrhundert haben Katharina Tschakert, Christoph Eberhardt und Wolfgang Weyr-Rauch Chors\u00e4tze eigens f\u00fcr die S\u00e4ngerrunde Kritzendorf geschrieben. Damit ist das Kritzendorfer Adventsingen auch immer etwas ganz Besonderes.<\/span><\/p>\n<p><span>Der dritte Adventsonntag, wegen der Vorfreude auf Weihnachten \u201eGaudete\u201c genannt, erinnert daran, dass der Advent nicht nur aus einer besinnlichen Seite besteht. So lautet auch heuer wieder das Motto f\u00fcr das Adventsingen der S\u00e4ngerrunde\u00a0\u201eGaudete \u2013 freuet Euch!\u201c.\u00a0<\/span><\/p>\n<p><span>Freunde und Bekannte zu treffen, gesellig zu plaudern und ein Gl\u00e4schen vom Kritzendorfer Wein zu genie\u00dfen, geh\u00f6rt beim Kritzendorfer Adventsingen nat\u00fcrlich auch dazu.<\/span><\/p>\n<p>[\/et_pb_text][\/et_pb_column][\/et_pb_row][\/et_pb_section][et_pb_section fb_built=&#8220;1&#8243; _builder_version=&#8220;4.27.4&#8243; _module_preset=&#8220;_initial&#8220;][et_pb_row _builder_version=&#8220;4.27.4&#8243; _module_preset=&#8220;default&#8220; global_colors_info=&#8220;{}&#8220;][et_pb_column type=&#8220;4_4&#8243; _builder_version=&#8220;4.27.4&#8243; _module_preset=&#8220;default&#8220; global_colors_info=&#8220;{}&#8220;][et_pb_image src=&#8220;http:\/\/www.saengerrunde.net\/sgrd\/wp-content\/uploads\/2025\/02\/DSC_0864.jpg&#8220; alt=&#8220;Liedertafel %22Sommerpotpourri%22 2024&#8243; title_text=&#8220;DSC_0864&#8243; _builder_version=&#8220;4.27.4&#8243; _module_preset=&#8220;da67ba06-0b57-4aa2-8cc1-fc814cab47ba&#8220; global_colors_info=&#8220;{}&#8220;][\/et_pb_image][\/et_pb_column][\/et_pb_row][\/et_pb_section]<\/p>\n","protected":false},"excerpt":{"rendered":"<p>Jedes Jahr im Dezember veranstaltet die S\u00e4ngerrunde Kritzendorf ein &#8222;Adventsingen&#8220;.Adventsingen?\u00a0 &#8211; Was ist das eigentlich?\u00a0Der Ursprung und das Vorbild zahlreicher Adventsingen ist das Salzburger Adventsingen, das 1946 erstmals, damals noch in kleinem Rahmen, von Tobi Reiser f\u00fcr Freunde und Bekannte veranstaltet wurde. Diese kleine Veranstaltung wurde kontinuierlich gr\u00f6\u00dfer und wechselte mehrmals den Veranstaltungsort, bis es [&hellip;]<\/p>\n","protected":false},"author":1,"featured_media":0,"parent":0,"menu_order":0,"comment_status":"closed","ping_status":"closed","template":"","meta":{"_et_pb_use_builder":"on","_et_pb_old_content":"","_et_gb_content_width":"","footnotes":""},"class_list":["post-20","page","type-page","status-publish","hentry"],"_links":{"self":[{"href":"https:\/\/www.saengerrunde.net\/sgrd\/index.php\/wp-json\/wp\/v2\/pages\/20","targetHints":{"allow":["GET"]}}],"collection":[{"href":"https:\/\/www.saengerrunde.net\/sgrd\/index.php\/wp-json\/wp\/v2\/pages"}],"about":[{"href":"https:\/\/www.saengerrunde.net\/sgrd\/index.php\/wp-json\/wp\/v2\/types\/page"}],"author":[{"embeddable":true,"href":"https:\/\/www.saengerrunde.net\/sgrd\/index.php\/wp-json\/wp\/v2\/users\/1"}],"replies":[{"embeddable":true,"href":"https:\/\/www.saengerrunde.net\/sgrd\/index.php\/wp-json\/wp\/v2\/comments?post=20"}],"version-history":[{"count":4,"href":"https:\/\/www.saengerrunde.net\/sgrd\/index.php\/wp-json\/wp\/v2\/pages\/20\/revisions"}],"predecessor-version":[{"id":157,"href":"https:\/\/www.saengerrunde.net\/sgrd\/index.php\/wp-json\/wp\/v2\/pages\/20\/revisions\/157"}],"wp:attachment":[{"href":"https:\/\/www.saengerrunde.net\/sgrd\/index.php\/wp-json\/wp\/v2\/media?parent=20"}],"curies":[{"name":"wp","href":"https:\/\/api.w.org\/{rel}","templated":true}]}}