{"id":16,"date":"2025-02-19T19:22:18","date_gmt":"2025-02-19T18:22:18","guid":{"rendered":"http:\/\/www.saengerrunde.net\/sgrd\/?page_id=16"},"modified":"2026-02-07T18:04:38","modified_gmt":"2026-02-07T17:04:38","slug":"chronik","status":"publish","type":"page","link":"https:\/\/www.saengerrunde.net\/sgrd\/index.php\/chronik\/","title":{"rendered":"Chronik"},"content":{"rendered":"<p>[et_pb_section fb_built=&#8220;1&#8243; _builder_version=&#8220;4.27.4&#8243; _module_preset=&#8220;_initial&#8220;][et_pb_row _builder_version=&#8220;4.25.2&#8243; _module_preset=&#8220;default&#8220; global_colors_info=&#8220;{}&#8220;][et_pb_column type=&#8220;4_4&#8243; _builder_version=&#8220;4.25.2&#8243; _module_preset=&#8220;default&#8220; global_colors_info=&#8220;{}&#8220;][et_pb_heading title=&#8220;@ET-DC@eyJkeW5hbWljIjp0cnVlLCJjb250ZW50IjoicG9zdF90aXRsZSIsInNldHRpbmdzIjp7ImJlZm9yZSI6IiIsImFmdGVyIjoiIn19@&#8220; _builder_version=&#8220;4.27.4&#8243; _dynamic_attributes=&#8220;title&#8220; _module_preset=&#8220;0282dd0d-8e79-4977-96d2-ef98d6d3d069&#8243; custom_margin=&#8220;||10px||false|false&#8220; global_colors_info=&#8220;{}&#8220;][\/et_pb_heading][et_pb_text _builder_version=&#8220;4.27.4&#8243; _module_preset=&#8220;6efb6bbd-12a1-4834-b469-9798f4a40b40&#8243; text_text_color=&#8220;#E02B20&#8243; link_text_color=&#8220;gcid-d7cd5a78-aaef-4f36-82a3-4d3706015cba&#8220; global_colors_info=&#8220;{%22gcid-1f1b4e15-7cc6-4e13-8154-74d77a956460%22:%91%22quote_text_color%22%93,%22gcid-d7cd5a78-aaef-4f36-82a3-4d3706015cba%22:%91%22link_text_color%22,%22quote_text_color%22%93,%22gcid-primary-color%22:%91%22quote_text_color%22%93}&#8220;]<\/p>\n<p>Auszug aus der Chronik der S\u00e4ngerrunde &#8230;<\/p>\n<p>[\/et_pb_text][et_pb_text _builder_version=&#8220;4.27.4&#8243; _module_preset=&#8220;6efb6bbd-12a1-4834-b469-9798f4a40b40&#8243; link_text_color=&#8220;gcid-d7cd5a78-aaef-4f36-82a3-4d3706015cba&#8220; global_colors_info=&#8220;{%22gcid-1f1b4e15-7cc6-4e13-8154-74d77a956460%22:%91%22quote_text_color%22%93,%22gcid-d7cd5a78-aaef-4f36-82a3-4d3706015cba%22:%91%22link_text_color%22,%22quote_text_color%22%93,%22gcid-primary-color%22:%91%22quote_text_color%22%93}&#8220;]<\/p>\n<p><span style=\"font-size: 16px;\">1951 &#8211; Das Gr\u00fcndungsjahr der S\u00e4ngerrunde Kritzendorf<br \/><\/span>Die S\u00e4nger der ersten Stunde waren:<\/p>\n<ul>\n<li style=\"list-style-type: none;\">\n<ul>\n<li>Burger Anton<\/li>\n<li>Fertl Rudi<\/li>\n<li><span>Freisinger Eduard<\/span><\/li>\n<li>G\u00f6schlbauer Karl<\/li>\n<li>Huschauer Anton<\/li>\n<li>Jakisch Anton<\/li>\n<li>Kruzik Josef<\/li>\n<li>Maurerlehner Florian<\/li>\n<li><span>Mottl Rudolf<\/span><\/li>\n<li><span>Neuhofer Rupert<\/span><\/li>\n<li><span>N\u00fcchter Hans<\/span><\/li>\n<li><span>Resperger Josef<\/span><\/li>\n<li><span>Schima Fritz<\/span><\/li>\n<li><span>Schober Karl<\/span><\/li>\n<li><span>Sidl Franz<\/span><\/li>\n<li><span>Zarboch Gustav<\/span><span><\/span><\/li>\n<\/ul>\n<\/li>\n<\/ul>\n<p>[\/et_pb_text][et_pb_text _builder_version=&#8220;4.27.4&#8243; _module_preset=&#8220;6efb6bbd-12a1-4834-b469-9798f4a40b40&#8243; link_text_color=&#8220;gcid-d7cd5a78-aaef-4f36-82a3-4d3706015cba&#8220; locked=&#8220;off&#8220; global_colors_info=&#8220;{%22gcid-1f1b4e15-7cc6-4e13-8154-74d77a956460%22:%91%22quote_text_color%22%93,%22gcid-d7cd5a78-aaef-4f36-82a3-4d3706015cba%22:%91%22link_text_color%22,%22quote_text_color%22%93,%22gcid-primary-color%22:%91%22quote_text_color%22%93}&#8220;]<\/p>\n<p><span style=\"font-size: 16px;\">1956 &#8211; Offizielle <span>Eintragung in das Vereinsregister am 17.2.1956<\/span><\/span><\/p>\n<p>[\/et_pb_text][et_pb_text _builder_version=&#8220;4.27.4&#8243; _module_preset=&#8220;6efb6bbd-12a1-4834-b469-9798f4a40b40&#8243; link_text_color=&#8220;gcid-d7cd5a78-aaef-4f36-82a3-4d3706015cba&#8220; locked=&#8220;off&#8220; global_colors_info=&#8220;{%22gcid-1f1b4e15-7cc6-4e13-8154-74d77a956460%22:%91%22quote_text_color%22%93,%22gcid-d7cd5a78-aaef-4f36-82a3-4d3706015cba%22:%91%22link_text_color%22,%22quote_text_color%22%93,%22gcid-primary-color%22:%91%22quote_text_color%22%93}&#8220;]<\/p>\n<p><span style=\"font-size: 16px;\">2001 &#8211; 50-Jahre-Jubil\u00e4ums-Konzert mit Gastch\u00f6ren<\/span><\/p>\n<p>[\/et_pb_text][et_pb_text _builder_version=&#8220;4.27.4&#8243; _module_preset=&#8220;6efb6bbd-12a1-4834-b469-9798f4a40b40&#8243; link_text_color=&#8220;gcid-d7cd5a78-aaef-4f36-82a3-4d3706015cba&#8220; locked=&#8220;off&#8220; global_colors_info=&#8220;{%22gcid-1f1b4e15-7cc6-4e13-8154-74d77a956460%22:%91%22quote_text_color%22%93,%22gcid-d7cd5a78-aaef-4f36-82a3-4d3706015cba%22:%91%22link_text_color%22,%22quote_text_color%22%93,%22gcid-primary-color%22:%91%22quote_text_color%22%93}&#8220;]<\/p>\n<p><span style=\"font-size: 16px;\">2002 &#8211; Wolfgang Weyr-Rauch \u00fcbernimmt die Chorleitung von Gerhard Fertl<\/span><\/p>\n<p>[\/et_pb_text][et_pb_text _builder_version=&#8220;4.27.4&#8243; _module_preset=&#8220;6efb6bbd-12a1-4834-b469-9798f4a40b40&#8243; link_text_color=&#8220;gcid-d7cd5a78-aaef-4f36-82a3-4d3706015cba&#8220; locked=&#8220;off&#8220; global_colors_info=&#8220;{%22gcid-1f1b4e15-7cc6-4e13-8154-74d77a956460%22:%91%22quote_text_color%22%93,%22gcid-d7cd5a78-aaef-4f36-82a3-4d3706015cba%22:%91%22link_text_color%22,%22quote_text_color%22%93,%22gcid-primary-color%22:%91%22quote_text_color%22%93}&#8220;]<\/p>\n<p><span style=\"font-size: 16px;\">2005 &#8211; S\u00e4ngerreise in die T\u00fcrkei<\/span><\/p>\n<p>[\/et_pb_text][et_pb_text _builder_version=&#8220;4.27.4&#8243; _module_preset=&#8220;6efb6bbd-12a1-4834-b469-9798f4a40b40&#8243; link_text_color=&#8220;gcid-d7cd5a78-aaef-4f36-82a3-4d3706015cba&#8220; locked=&#8220;off&#8220; global_colors_info=&#8220;{%22gcid-1f1b4e15-7cc6-4e13-8154-74d77a956460%22:%91%22quote_text_color%22%93,%22gcid-d7cd5a78-aaef-4f36-82a3-4d3706015cba%22:%91%22link_text_color%22,%22quote_text_color%22%93,%22gcid-primary-color%22:%91%22quote_text_color%22%93}&#8220;]<\/p>\n<p><span style=\"font-size: 16px;\">2011 &#8211;\u00a0 Festkonzert zum 60-Jahre-Jubil\u00e4um<\/span><span style=\"font-size: 16px;\"><\/span><\/p>\n<p>[\/et_pb_text][et_pb_text _builder_version=&#8220;4.27.4&#8243; _module_preset=&#8220;6efb6bbd-12a1-4834-b469-9798f4a40b40&#8243; link_text_color=&#8220;gcid-d7cd5a78-aaef-4f36-82a3-4d3706015cba&#8220; locked=&#8220;off&#8220; global_colors_info=&#8220;{%22gcid-1f1b4e15-7cc6-4e13-8154-74d77a956460%22:%91%22quote_text_color%22%93,%22gcid-d7cd5a78-aaef-4f36-82a3-4d3706015cba%22:%91%22link_text_color%22,%22quote_text_color%22%93,%22gcid-primary-color%22:%91%22quote_text_color%22%93}&#8220;]<\/p>\n<p><span style=\"font-size: 16px;\">2011 &#8211;\u00a0 S\u00e4ngerreise nach Barcelona, Konzert mit Cor Signum<\/span><span style=\"font-size: 16px;\"><\/span><\/p>\n<p>[\/et_pb_text][et_pb_text _builder_version=&#8220;4.27.4&#8243; _module_preset=&#8220;6efb6bbd-12a1-4834-b469-9798f4a40b40&#8243; link_text_color=&#8220;gcid-d7cd5a78-aaef-4f36-82a3-4d3706015cba&#8220; locked=&#8220;off&#8220; global_colors_info=&#8220;{%22gcid-1f1b4e15-7cc6-4e13-8154-74d77a956460%22:%91%22quote_text_color%22%93,%22gcid-d7cd5a78-aaef-4f36-82a3-4d3706015cba%22:%91%22link_text_color%22,%22quote_text_color%22%93,%22gcid-primary-color%22:%91%22quote_text_color%22%93}&#8220;]<\/p>\n<p><span style=\"font-size: 16px;\">2012 &#8211;\u00a0 Christoph Eberhardt \u00fcbernimmt die musikalische Leitung der S\u00e4ngerrunde<\/span><\/p>\n<p>[\/et_pb_text][et_pb_text _builder_version=&#8220;4.27.4&#8243; _module_preset=&#8220;6efb6bbd-12a1-4834-b469-9798f4a40b40&#8243; link_text_color=&#8220;gcid-d7cd5a78-aaef-4f36-82a3-4d3706015cba&#8220; locked=&#8220;off&#8220; global_colors_info=&#8220;{%22gcid-1f1b4e15-7cc6-4e13-8154-74d77a956460%22:%91%22quote_text_color%22%93,%22gcid-d7cd5a78-aaef-4f36-82a3-4d3706015cba%22:%91%22link_text_color%22,%22quote_text_color%22%93,%22gcid-primary-color%22:%91%22quote_text_color%22%93}&#8220;]<\/p>\n<p><span style=\"font-size: 16px;\">2013 &#8211; Erstes Probenwochenende mit Christoph Eberhardt und Stimmbildung mit Katherina Tschakert\u00a0<\/span><\/p>\n<p>[\/et_pb_text][et_pb_text _builder_version=&#8220;4.27.4&#8243; _module_preset=&#8220;6efb6bbd-12a1-4834-b469-9798f4a40b40&#8243; link_text_color=&#8220;gcid-d7cd5a78-aaef-4f36-82a3-4d3706015cba&#8220; locked=&#8220;off&#8220; global_colors_info=&#8220;{%22gcid-1f1b4e15-7cc6-4e13-8154-74d77a956460%22:%91%22quote_text_color%22%93,%22gcid-d7cd5a78-aaef-4f36-82a3-4d3706015cba%22:%91%22link_text_color%22,%22quote_text_color%22%93,%22gcid-primary-color%22:%91%22quote_text_color%22%93}&#8220;]<\/p>\n<p><span style=\"font-size: 16px;\">2014 &#8211; Erste Teilnahme am Kritzendorfer Kulturpicknick<\/span><\/p>\n<p>[\/et_pb_text][et_pb_text _builder_version=&#8220;4.27.4&#8243; _module_preset=&#8220;6efb6bbd-12a1-4834-b469-9798f4a40b40&#8243; link_text_color=&#8220;gcid-d7cd5a78-aaef-4f36-82a3-4d3706015cba&#8220; locked=&#8220;off&#8220; global_colors_info=&#8220;{%22gcid-1f1b4e15-7cc6-4e13-8154-74d77a956460%22:%91%22quote_text_color%22%93,%22gcid-d7cd5a78-aaef-4f36-82a3-4d3706015cba%22:%91%22link_text_color%22,%22quote_text_color%22%93,%22gcid-primary-color%22:%91%22quote_text_color%22%93}&#8220;]<\/p>\n<p><span style=\"font-size: 16px;\">2015 &#8211; Teilnahme als Gastchor am XIX. Europ\u00e4ischen Weinliedfestival im ungarischen\u00a0 P\u00e9cs. Konzerte in P\u00e9cs, Vill\u00e1ny und H\u00e1rkany<\/span><\/p>\n<p>[\/et_pb_text][et_pb_text _builder_version=&#8220;4.27.4&#8243; _module_preset=&#8220;6efb6bbd-12a1-4834-b469-9798f4a40b40&#8243; link_text_color=&#8220;gcid-d7cd5a78-aaef-4f36-82a3-4d3706015cba&#8220; locked=&#8220;off&#8220; global_colors_info=&#8220;{%22gcid-1f1b4e15-7cc6-4e13-8154-74d77a956460%22:%91%22quote_text_color%22%93,%22gcid-d7cd5a78-aaef-4f36-82a3-4d3706015cba%22:%91%22link_text_color%22,%22quote_text_color%22%93,%22gcid-primary-color%22:%91%22quote_text_color%22%93}&#8220;]<\/p>\n<p><span style=\"font-size: 16px;\">2018 &#8211; Sechstes Probenwochenende mit Christoph Eberhardt, Stimmbildung mit Katherina Tschakert<\/span><\/p>\n<p>[\/et_pb_text][et_pb_text _builder_version=&#8220;4.27.4&#8243; _module_preset=&#8220;6efb6bbd-12a1-4834-b469-9798f4a40b40&#8243; link_text_color=&#8220;gcid-d7cd5a78-aaef-4f36-82a3-4d3706015cba&#8220; locked=&#8220;off&#8220; global_colors_info=&#8220;{%22gcid-1f1b4e15-7cc6-4e13-8154-74d77a956460%22:%91%22quote_text_color%22%93,%22gcid-d7cd5a78-aaef-4f36-82a3-4d3706015cba%22:%91%22link_text_color%22,%22quote_text_color%22%93,%22gcid-primary-color%22:%91%22quote_text_color%22%93}&#8220;]<\/p>\n<p><span style=\"font-size: 16px;\">2019 &#8211; Erste Teilnahme am internationalen Adventsingen im Wiener Rathaus<\/span><\/p>\n<p>[\/et_pb_text][et_pb_text _builder_version=&#8220;4.27.4&#8243; _module_preset=&#8220;6efb6bbd-12a1-4834-b469-9798f4a40b40&#8243; link_text_color=&#8220;gcid-d7cd5a78-aaef-4f36-82a3-4d3706015cba&#8220; locked=&#8220;off&#8220; global_colors_info=&#8220;{%22gcid-1f1b4e15-7cc6-4e13-8154-74d77a956460%22:%91%22quote_text_color%22%93,%22gcid-d7cd5a78-aaef-4f36-82a3-4d3706015cba%22:%91%22link_text_color%22,%22quote_text_color%22%93,%22gcid-primary-color%22:%91%22quote_text_color%22%93}&#8220;]<\/p>\n<p><span style=\"font-size: 16px;\">2020 &#8211; Erstmals f\u00e4llt das Adventingen durch Corona bedingt aus<\/span><\/p>\n<p>[\/et_pb_text][et_pb_text _builder_version=&#8220;4.27.4&#8243; _module_preset=&#8220;6efb6bbd-12a1-4834-b469-9798f4a40b40&#8243; link_text_color=&#8220;gcid-d7cd5a78-aaef-4f36-82a3-4d3706015cba&#8220; locked=&#8220;off&#8220; global_colors_info=&#8220;{%22gcid-1f1b4e15-7cc6-4e13-8154-74d77a956460%22:%91%22quote_text_color%22%93,%22gcid-d7cd5a78-aaef-4f36-82a3-4d3706015cba%22:%91%22link_text_color%22,%22quote_text_color%22%93,%22gcid-primary-color%22:%91%22quote_text_color%22%93}&#8220;]<\/p>\n<p><span style=\"font-size: 16px;\">2022 &#8211; &#8222;Lieder vom Wein&#8220; &#8211;\u00a0 ein Open-Air-Auftritt beim Heurigen Ubl-Schober als vorsichtiger Ersatz f\u00fcr die Liedertafel<\/span><\/p>\n<p>[\/et_pb_text][et_pb_text _builder_version=&#8220;4.27.4&#8243; _module_preset=&#8220;6efb6bbd-12a1-4834-b469-9798f4a40b40&#8243; link_text_color=&#8220;gcid-d7cd5a78-aaef-4f36-82a3-4d3706015cba&#8220; locked=&#8220;off&#8220; global_colors_info=&#8220;{%22gcid-1f1b4e15-7cc6-4e13-8154-74d77a956460%22:%91%22quote_text_color%22%93,%22gcid-d7cd5a78-aaef-4f36-82a3-4d3706015cba%22:%91%22link_text_color%22,%22quote_text_color%22%93,%22gcid-primary-color%22:%91%22quote_text_color%22%93}&#8220;]<\/p>\n<p><span style=\"font-size: 16px;\">2021 &#8211; F\u00e4llt die Liedertafel und das Adventsingen zum zweiten Mal durch Corona bedingt aus. Bei den Barmherzigen Br\u00fcdern singen wir Adventlieder in kleinem Kreis!<\/span><\/p>\n<p>[\/et_pb_text][et_pb_text _builder_version=&#8220;4.27.4&#8243; _module_preset=&#8220;6efb6bbd-12a1-4834-b469-9798f4a40b40&#8243; link_text_color=&#8220;gcid-d7cd5a78-aaef-4f36-82a3-4d3706015cba&#8220; locked=&#8220;off&#8220; global_colors_info=&#8220;{%22gcid-1f1b4e15-7cc6-4e13-8154-74d77a956460%22:%91%22quote_text_color%22%93,%22gcid-d7cd5a78-aaef-4f36-82a3-4d3706015cba%22:%91%22link_text_color%22,%22quote_text_color%22%93,%22gcid-primary-color%22:%91%22quote_text_color%22%93}&#8220;]<\/p>\n<p><span style=\"font-size: 16px;\">2022 &#8211; Teilnahme als Gastchor beim XVI. Europ\u00e4ischen Weinliedfestival im ungarischen P\u00e9cs &#8211; Auftritte in P\u00e9cs, Vill\u00e1ny und Nagyt\u00f3tfalu<\/span><\/p>\n<p>[\/et_pb_text][et_pb_text _builder_version=&#8220;4.27.4&#8243; _module_preset=&#8220;6efb6bbd-12a1-4834-b469-9798f4a40b40&#8243; link_text_color=&#8220;gcid-d7cd5a78-aaef-4f36-82a3-4d3706015cba&#8220; locked=&#8220;off&#8220; global_colors_info=&#8220;{%22gcid-1f1b4e15-7cc6-4e13-8154-74d77a956460%22:%91%22quote_text_color%22%93,%22gcid-d7cd5a78-aaef-4f36-82a3-4d3706015cba%22:%91%22link_text_color%22,%22quote_text_color%22%93,%22gcid-primary-color%22:%91%22quote_text_color%22%93}&#8220;]<\/p>\n<p><span style=\"font-size: 16px;\">2023 &#8211; Auftritt beim ersten &#8222;Eingsteckt is!&#8220;-Festival in St.Andr\u00e4-W\u00f6rdern\u00a0<\/span><\/p>\n<p>[\/et_pb_text][et_pb_text _builder_version=&#8220;4.27.4&#8243; _module_preset=&#8220;6efb6bbd-12a1-4834-b469-9798f4a40b40&#8243; link_text_color=&#8220;gcid-d7cd5a78-aaef-4f36-82a3-4d3706015cba&#8220; locked=&#8220;off&#8220; global_colors_info=&#8220;{%22gcid-1f1b4e15-7cc6-4e13-8154-74d77a956460%22:%91%22quote_text_color%22%93,%22gcid-d7cd5a78-aaef-4f36-82a3-4d3706015cba%22:%91%22link_text_color%22,%22quote_text_color%22%93,%22gcid-primary-color%22:%91%22quote_text_color%22%93}&#8220;]<\/p>\n<p><span style=\"font-size: 16px;\">2024 &#8211; Auftritt bei der Neu-Er\u00f6ffnung des Musik-Pavillons im Kritzendorfer Strombad<\/span><\/p>\n<p>[\/et_pb_text][et_pb_text _builder_version=&#8220;4.27.4&#8243; _module_preset=&#8220;6efb6bbd-12a1-4834-b469-9798f4a40b40&#8243; link_text_color=&#8220;gcid-d7cd5a78-aaef-4f36-82a3-4d3706015cba&#8220; locked=&#8220;off&#8220; global_colors_info=&#8220;{%22gcid-1f1b4e15-7cc6-4e13-8154-74d77a956460%22:%91%22quote_text_color%22%93,%22gcid-d7cd5a78-aaef-4f36-82a3-4d3706015cba%22:%91%22link_text_color%22,%22quote_text_color%22%93,%22gcid-primary-color%22:%91%22quote_text_color%22%93}&#8220;]<\/p>\n<p><span style=\"font-size: 16px;\">2025 &#8211; Musikalische Gestaltung eines Kritzendorfer Adventfensters\u00a0<\/span><\/p>\n<p>[\/et_pb_text][\/et_pb_column][\/et_pb_row][\/et_pb_section]<\/p>\n","protected":false},"excerpt":{"rendered":"<p>Auszug aus der Chronik der S\u00e4ngerrunde &#8230;1951 &#8211; Das Gr\u00fcndungsjahr der S\u00e4ngerrunde KritzendorfDie S\u00e4nger der ersten Stunde waren: Burger Anton Fertl Rudi Freisinger Eduard G\u00f6schlbauer Karl Huschauer Anton Jakisch Anton Kruzik Josef Maurerlehner Florian Mottl Rudolf Neuhofer Rupert N\u00fcchter Hans Resperger Josef Schima Fritz Schober Karl Sidl Franz Zarboch Gustav 1956 &#8211; Offizielle Eintragung in [&hellip;]<\/p>\n","protected":false},"author":1,"featured_media":0,"parent":0,"menu_order":0,"comment_status":"closed","ping_status":"closed","template":"","meta":{"_et_pb_use_builder":"on","_et_pb_old_content":"","_et_gb_content_width":"","footnotes":""},"class_list":["post-16","page","type-page","status-publish","hentry"],"_links":{"self":[{"href":"https:\/\/www.saengerrunde.net\/sgrd\/index.php\/wp-json\/wp\/v2\/pages\/16","targetHints":{"allow":["GET"]}}],"collection":[{"href":"https:\/\/www.saengerrunde.net\/sgrd\/index.php\/wp-json\/wp\/v2\/pages"}],"about":[{"href":"https:\/\/www.saengerrunde.net\/sgrd\/index.php\/wp-json\/wp\/v2\/types\/page"}],"author":[{"embeddable":true,"href":"https:\/\/www.saengerrunde.net\/sgrd\/index.php\/wp-json\/wp\/v2\/users\/1"}],"replies":[{"embeddable":true,"href":"https:\/\/www.saengerrunde.net\/sgrd\/index.php\/wp-json\/wp\/v2\/comments?post=16"}],"version-history":[{"count":9,"href":"https:\/\/www.saengerrunde.net\/sgrd\/index.php\/wp-json\/wp\/v2\/pages\/16\/revisions"}],"predecessor-version":[{"id":281,"href":"https:\/\/www.saengerrunde.net\/sgrd\/index.php\/wp-json\/wp\/v2\/pages\/16\/revisions\/281"}],"wp:attachment":[{"href":"https:\/\/www.saengerrunde.net\/sgrd\/index.php\/wp-json\/wp\/v2\/media?parent=16"}],"curies":[{"name":"wp","href":"https:\/\/api.w.org\/{rel}","templated":true}]}}