{"id":14,"date":"2025-02-19T19:22:18","date_gmt":"2025-02-19T18:22:18","guid":{"rendered":"http:\/\/www.saengerrunde.net\/sgrd\/?page_id=14"},"modified":"2025-02-28T15:21:38","modified_gmt":"2025-02-28T14:21:38","slug":"ueber-uns","status":"publish","type":"page","link":"https:\/\/www.saengerrunde.net\/sgrd\/index.php\/ueber-uns\/","title":{"rendered":"\u00dcber uns"},"content":{"rendered":"<p>[et_pb_section fb_built=&#8220;1&#8243; admin_label=&#8220;Header &#8220; _builder_version=&#8220;4.27.4&#8243; _module_preset=&#8220;_initial&#8220; background_color=&#8220;#FFFFFF&#8220; custom_margin=&#8220;||||false|false&#8220; hover_enabled=&#8220;0&#8243; locked=&#8220;off&#8220; collapsed=&#8220;on&#8220; global_colors_info=&#8220;{%22gcid-1f1bf5fb-a99d-4acc-8d9e-ddac074c158c%22:%91%22background_color_gradient_stops%22%93,%22gcid-a78660e1-cfc7-4771-a566-6834d6a7f06a%22:%91%22background_color_gradient_stops%22%93,%22gcid-24b0db87-dafa-47d9-995f-b90181e18c52%22:%91%22background_color_gradient_stops%22%93}&#8220; sticky_enabled=&#8220;0&#8243;][et_pb_row _builder_version=&#8220;4.25.1&#8243; _module_preset=&#8220;default&#8220; global_colors_info=&#8220;{}&#8220;][et_pb_column type=&#8220;4_4&#8243; _builder_version=&#8220;4.25.1&#8243; _module_preset=&#8220;default&#8220; global_colors_info=&#8220;{}&#8220;][et_pb_heading title=&#8220;\u00dcber uns&#8220; _builder_version=&#8220;4.27.4&#8243; _module_preset=&#8220;0282dd0d-8e79-4977-96d2-ef98d6d3d069&#8243; title_text_color=&#8220;#000000&#8243; custom_margin=&#8220;||10px||false|false&#8220; hover_enabled=&#8220;0&#8243; global_colors_info=&#8220;{}&#8220; sticky_enabled=&#8220;0&#8243;][\/et_pb_heading][et_pb_text _builder_version=&#8220;4.27.4&#8243; _module_preset=&#8220;6efb6bbd-12a1-4834-b469-9798f4a40b40&#8243; text_text_color=&#8220;#000000&#8243; link_text_color=&#8220;gcid-d7cd5a78-aaef-4f36-82a3-4d3706015cba&#8220; hover_enabled=&#8220;0&#8243; global_colors_info=&#8220;{%22gcid-1f1b4e15-7cc6-4e13-8154-74d77a956460%22:%91%22quote_text_color%22%93,%22gcid-d7cd5a78-aaef-4f36-82a3-4d3706015cba%22:%91%22link_text_color%22,%22quote_text_color%22%93,%22gcid-primary-color%22:%91%22quote_text_color%22%93}&#8220; sticky_enabled=&#8220;0&#8243;]<\/p>\n<p><span>Der 1951 gegr\u00fcndete und 1956 ins Vereinsregister eingetragene Verein bestand bis 2005 nur aus einem M\u00e4nnerchor. Im Rahmen der S\u00e4ngerreise in die T\u00fcrkei 2005 fand sich eine Gruppe von S\u00e4nger-Frauen, die einen Frauenchor ins Leben riefen, der noch im selben Jahr im Rahmen der Liedertafel des M\u00e4nnerchors seinen ersten Auftritt hatte.<\/span><\/p>\n<p><span>Der Frauenchor, der von\u00a0Heidemarie Weyr-Rauch geleitet wurde, machte sich 2012 selbst\u00e4ndig.<\/span><\/p>\n<p><span>2002 \u00fcbernahm Wolfgang Weyr-Rauch die musikalische Leitung des M\u00e4nnerchors von Gerhard Fertl.<\/span><\/p>\n<p><span>Seit 2012 liegt die musikalische Leitung der S\u00e4ngerrunde Kirtzendorf in den H\u00e4nden von Christoph Eberhardt.\u00a0<\/span><\/p>\n<p><span>Die S\u00e4ngerrunde Kritzendorf umfasst aktuell ca. 25 aktive S\u00e4nger.<\/span><\/p>\n<p>&nbsp;<\/p>\n<p><span>und wo liegt Kritzendorf\u00a0 ?<\/span><\/p>\n<p><span>Kritzendorf\u00a0 liegt &#8211; eingebettet zwischen Donau und Wienerwald, zur Stadtgemeinde Klosterneuburg geh\u00f6rend &#8211; vor den Toren Wiens.\u00a0<\/span><\/p>\n<p><span>In den 30er Jahren des 20. Jahrhunderts war das Kritzendorfer Strandbad an der Donau ein beliebter Treffpunkt der Wiener Gesellschaft.\u00a0<\/span><\/p>\n<p><span>Wein- und Obstbau gehen hier nachweislich bis ins Mittelalter zur\u00fcck.\u00a0Als die aus Amerika eingeschleppte Reblaus gro\u00dfen Schaden unter den Weinkulturen anrichtete, wurde Kritzendorf durch die hier gez\u00fcchteten Ribiselsorten und dem daraus gekelterten Ribiselwein weit bekannt.<\/span><\/p>\n<p>[\/et_pb_text][et_pb_video src=&#8220;https:\/\/www.youtube.com\/watch?v=QZjOeA7irnk&#8220; image_src=&#8220;http:\/\/wp.saengerrunde.net\/sgrd\/wp-content\/uploads\/2025\/01\/DSC02391-scaled.jpg&#8220; _builder_version=&#8220;4.27.4&#8243; _module_preset=&#8220;be386ffc-c443-4f4a-acb7-6006bf906357&#8243; locked=&#8220;off&#8220; global_colors_info=&#8220;{}&#8220;][\/et_pb_video][\/et_pb_column][\/et_pb_row][\/et_pb_section][et_pb_section fb_built=&#8220;1&#8243; admin_label=&#8220;Features&#8220; _builder_version=&#8220;4.25.1&#8243; _module_preset=&#8220;_initial&#8220; background_color=&#8220;#ebebeb&#8220; locked=&#8220;off&#8220; collapsed=&#8220;on&#8220; global_colors_info=&#8220;{%22gcid-ce695d38-7b45-4ff3-bae8-e54df8b6593b%22:%91%22background_color%22%93}&#8220;][\/et_pb_section]<\/p>\n","protected":false},"excerpt":{"rendered":"<p>Der 1951 gegr\u00fcndete und 1956 ins Vereinsregister eingetragene Verein bestand bis 2005 nur aus einem M\u00e4nnerchor. Im Rahmen der S\u00e4ngerreise in die T\u00fcrkei 2005 fand sich eine Gruppe von S\u00e4nger-Frauen, die einen Frauenchor ins Leben riefen, der noch im selben Jahr im Rahmen der Liedertafel des M\u00e4nnerchors seinen ersten Auftritt hatte. Der Frauenchor, der von\u00a0Heidemarie [&hellip;]<\/p>\n","protected":false},"author":1,"featured_media":0,"parent":0,"menu_order":0,"comment_status":"closed","ping_status":"closed","template":"","meta":{"_et_pb_use_builder":"on","_et_pb_old_content":"","_et_gb_content_width":"","footnotes":""},"class_list":["post-14","page","type-page","status-publish","hentry"],"_links":{"self":[{"href":"https:\/\/www.saengerrunde.net\/sgrd\/index.php\/wp-json\/wp\/v2\/pages\/14","targetHints":{"allow":["GET"]}}],"collection":[{"href":"https:\/\/www.saengerrunde.net\/sgrd\/index.php\/wp-json\/wp\/v2\/pages"}],"about":[{"href":"https:\/\/www.saengerrunde.net\/sgrd\/index.php\/wp-json\/wp\/v2\/types\/page"}],"author":[{"embeddable":true,"href":"https:\/\/www.saengerrunde.net\/sgrd\/index.php\/wp-json\/wp\/v2\/users\/1"}],"replies":[{"embeddable":true,"href":"https:\/\/www.saengerrunde.net\/sgrd\/index.php\/wp-json\/wp\/v2\/comments?post=14"}],"version-history":[{"count":6,"href":"https:\/\/www.saengerrunde.net\/sgrd\/index.php\/wp-json\/wp\/v2\/pages\/14\/revisions"}],"predecessor-version":[{"id":212,"href":"https:\/\/www.saengerrunde.net\/sgrd\/index.php\/wp-json\/wp\/v2\/pages\/14\/revisions\/212"}],"wp:attachment":[{"href":"https:\/\/www.saengerrunde.net\/sgrd\/index.php\/wp-json\/wp\/v2\/media?parent=14"}],"curies":[{"name":"wp","href":"https:\/\/api.w.org\/{rel}","templated":true}]}}