{"id":106,"date":"2025-02-19T21:03:05","date_gmt":"2025-02-19T20:03:05","guid":{"rendered":"http:\/\/www.saengerrunde.net\/sgrd\/?page_id=106"},"modified":"2025-02-20T15:17:01","modified_gmt":"2025-02-20T14:17:01","slug":"mitmachen","status":"publish","type":"page","link":"https:\/\/www.saengerrunde.net\/sgrd\/index.php\/mitmachen\/","title":{"rendered":"Mitmachen"},"content":{"rendered":"<p>[et_pb_section fb_built=&#8220;1&#8243; _builder_version=&#8220;4.27.4&#8243; _module_preset=&#8220;_initial&#8220; global_colors_info=&#8220;{}&#8220;][et_pb_row _builder_version=&#8220;4.27.4&#8243; _module_preset=&#8220;default&#8220; global_colors_info=&#8220;{}&#8220;][et_pb_column type=&#8220;4_4&#8243; _builder_version=&#8220;4.27.4&#8243; _module_preset=&#8220;default&#8220; global_colors_info=&#8220;{}&#8220;][et_pb_text _builder_version=&#8220;4.27.4&#8243; _module_preset=&#8220;6efb6bbd-12a1-4834-b469-9798f4a40b40&#8243; text_text_color=&#8220;#E02B20&#8243; text_font_size=&#8220;24px&#8220; link_text_color=&#8220;gcid-d7cd5a78-aaef-4f36-82a3-4d3706015cba&#8220; global_colors_info=&#8220;{%22gcid-1f1b4e15-7cc6-4e13-8154-74d77a956460%22:%91%22quote_text_color%22%93,%22gcid-d7cd5a78-aaef-4f36-82a3-4d3706015cba%22:%91%22link_text_color%22,%22quote_text_color%22%93,%22gcid-primary-color%22:%91%22quote_text_color%22%93}&#8220;]<\/p>\n<p><strong>Mitmachen!<\/strong><\/p>\n<p>[\/et_pb_text][\/et_pb_column][\/et_pb_row][et_pb_row column_structure=&#8220;1_3,1_3,1_3&#8243; _builder_version=&#8220;4.27.4&#8243; _module_preset=&#8220;default&#8220; global_colors_info=&#8220;{}&#8220;][et_pb_column type=&#8220;1_3&#8243; _builder_version=&#8220;4.27.4&#8243; _module_preset=&#8220;default&#8220; global_colors_info=&#8220;{}&#8220;][et_pb_text _builder_version=&#8220;4.27.4&#8243; _module_preset=&#8220;6efb6bbd-12a1-4834-b469-9798f4a40b40&#8243; link_text_color=&#8220;gcid-d7cd5a78-aaef-4f36-82a3-4d3706015cba&#8220; global_colors_info=&#8220;{%22gcid-1f1b4e15-7cc6-4e13-8154-74d77a956460%22:%91%22quote_text_color%22%93,%22gcid-d7cd5a78-aaef-4f36-82a3-4d3706015cba%22:%91%22link_text_color%22,%22quote_text_color%22%93,%22gcid-primary-color%22:%91%22quote_text_color%22%93}&#8220;]<\/p>\n<p><strong>Mitsingen im Chor ?!<\/strong><\/p>\n<p>Wenn Du gerne mitsingen m\u00f6chtest, dann komm doch einfach zum Schnuppern zu uns in eine Probe. Wir freuns uns \u00fcber neue B\u00e4sse und Ten\u00f6re. Wir proben jeden Dienstag au\u00dfer in den Ferien immer ab 19h30 im Pflegeheim der Barmherzigen Br\u00fcder in Kritzendorf Hauptstra\u00dfe 20. Wir treffen uns beim Tor ab 19h15. Oder schreib uns ein Email, wenn Du mitmachen willst!<\/p>\n<p>[\/et_pb_text][et_pb_image src=&#8220;http:\/\/www.saengerrunde.net\/sgrd\/wp-content\/uploads\/2025\/02\/52-P1120480.jpg&#8220; title_text=&#8220;52-P1120480&#8243; _builder_version=&#8220;4.27.4&#8243; _module_preset=&#8220;da67ba06-0b57-4aa2-8cc1-fc814cab47ba&#8220; global_colors_info=&#8220;{}&#8220;][\/et_pb_image][\/et_pb_column][et_pb_column type=&#8220;1_3&#8243; _builder_version=&#8220;4.27.4&#8243; _module_preset=&#8220;default&#8220; global_colors_info=&#8220;{}&#8220;][et_pb_text _builder_version=&#8220;4.27.4&#8243; _module_preset=&#8220;6efb6bbd-12a1-4834-b469-9798f4a40b40&#8243; link_text_color=&#8220;gcid-d7cd5a78-aaef-4f36-82a3-4d3706015cba&#8220; global_colors_info=&#8220;{%22gcid-1f1b4e15-7cc6-4e13-8154-74d77a956460%22:%91%22quote_text_color%22%93,%22gcid-d7cd5a78-aaef-4f36-82a3-4d3706015cba%22:%91%22link_text_color%22,%22quote_text_color%22%93,%22gcid-primary-color%22:%91%22quote_text_color%22%93}&#8220;]<\/p>\n<p><strong>Bei einem Projekt mitsingen?!<\/strong><\/p>\n<p>Du m\u00f6chtest nur einmal bei einem Projekt mitmachen? F\u00fcr besondere Aktivit\u00e4ten freuen wir uns auch \u00fcber eine tempor\u00e4re Unterst\u00fctzung. Kontaktiere uns bitte wenn Du daran interessiert bist unseren Chor zu verst\u00e4rken!<\/p>\n<p>[\/et_pb_text][et_pb_image src=&#8220;http:\/\/www.saengerrunde.net\/sgrd\/wp-content\/uploads\/2025\/02\/IMG_0469.jpg&#8220; title_text=&#8220;IMG_0469&#8243; _builder_version=&#8220;4.27.4&#8243; _module_preset=&#8220;da67ba06-0b57-4aa2-8cc1-fc814cab47ba&#8220; global_colors_info=&#8220;{}&#8220;][\/et_pb_image][et_pb_button button_text=&#8220;Projekte&#8220; _builder_version=&#8220;4.27.4&#8243; _module_preset=&#8220;default&#8220; button_url=&#8220;@ET-DC@eyJkeW5hbWljIjp0cnVlLCJjb250ZW50IjoicG9zdF9saW5rX3VybF9wYWdlIiwic2V0dGluZ3MiOnsicG9zdF9pZCI6IjE0MyJ9fQ==@&#8220; _dynamic_attributes=&#8220;button_url&#8220;][\/et_pb_button][\/et_pb_column][et_pb_column type=&#8220;1_3&#8243; _builder_version=&#8220;4.27.4&#8243; _module_preset=&#8220;default&#8220; global_colors_info=&#8220;{}&#8220;][et_pb_text _builder_version=&#8220;4.27.4&#8243; _module_preset=&#8220;6efb6bbd-12a1-4834-b469-9798f4a40b40&#8243; link_text_color=&#8220;gcid-d7cd5a78-aaef-4f36-82a3-4d3706015cba&#8220; global_colors_info=&#8220;{%22gcid-1f1b4e15-7cc6-4e13-8154-74d77a956460%22:%91%22quote_text_color%22%93,%22gcid-d7cd5a78-aaef-4f36-82a3-4d3706015cba%22:%91%22link_text_color%22,%22quote_text_color%22%93,%22gcid-primary-color%22:%91%22quote_text_color%22%93}&#8220;]<\/p>\n<p><strong>Unterst\u00fctzendes Mitglied werden!<\/strong><\/p>\n<p>Du m\u00f6chtest die S\u00e4ngerrunde unterst\u00fctzen?Dann werde mit unterst\u00fctzendes Mitglied der S\u00e4ngerrunde. Der j\u00e4hrliche Mitgliedsbeitrag f\u00fcr unterst\u00fctzende Mitglieder betr\u00e4gt \u20ac 15,-<\/p>\n<p>Unterst\u00fctzende Mitglieder erhalten pers\u00f6nliche Einladungen zu unseren Veranstaltungen und auf Wunsch reservieren wir auch gerne Sitzpl\u00e4tze beim Adventsingen und der Liedertafel.<\/p>\n<p>Sende uns ein Email mit Deiner Adresse und wir treten mit Dir in Kontakt!<\/p>\n<p>[\/et_pb_text][et_pb_button button_url=&#8220;@ET-DC@eyJkeW5hbWljIjp0cnVlLCJjb250ZW50IjoicG9zdF9saW5rX3VybF9wYWdlIiwic2V0dGluZ3MiOnsicG9zdF9pZCI6IjE0OSJ9fQ==@&#8220; button_text=&#8220;Schreib uns&#8220; _builder_version=&#8220;4.27.4&#8243; _dynamic_attributes=&#8220;button_url&#8220; _module_preset=&#8220;default&#8220; global_colors_info=&#8220;{}&#8220;][\/et_pb_button][\/et_pb_column][\/et_pb_row][\/et_pb_section]<\/p>\n","protected":false},"excerpt":{"rendered":"<p>Mitmachen!Mitsingen im Chor ?! Wenn Du gerne mitsingen m\u00f6chtest, dann komm doch einfach zum Schnuppern zu uns in eine Probe. Wir freuns uns \u00fcber neue B\u00e4sse und Ten\u00f6re. Wir proben jeden Dienstag au\u00dfer in den Ferien immer ab 19h30 im Pflegeheim der Barmherzigen Br\u00fcder in Kritzendorf Hauptstra\u00dfe 20. Wir treffen uns beim Tor ab 19h15. [&hellip;]<\/p>\n","protected":false},"author":1,"featured_media":0,"parent":0,"menu_order":0,"comment_status":"closed","ping_status":"closed","template":"","meta":{"_et_pb_use_builder":"on","_et_pb_old_content":"","_et_gb_content_width":"","footnotes":""},"class_list":["post-106","page","type-page","status-publish","hentry"],"_links":{"self":[{"href":"https:\/\/www.saengerrunde.net\/sgrd\/index.php\/wp-json\/wp\/v2\/pages\/106","targetHints":{"allow":["GET"]}}],"collection":[{"href":"https:\/\/www.saengerrunde.net\/sgrd\/index.php\/wp-json\/wp\/v2\/pages"}],"about":[{"href":"https:\/\/www.saengerrunde.net\/sgrd\/index.php\/wp-json\/wp\/v2\/types\/page"}],"author":[{"embeddable":true,"href":"https:\/\/www.saengerrunde.net\/sgrd\/index.php\/wp-json\/wp\/v2\/users\/1"}],"replies":[{"embeddable":true,"href":"https:\/\/www.saengerrunde.net\/sgrd\/index.php\/wp-json\/wp\/v2\/comments?post=106"}],"version-history":[{"count":6,"href":"https:\/\/www.saengerrunde.net\/sgrd\/index.php\/wp-json\/wp\/v2\/pages\/106\/revisions"}],"predecessor-version":[{"id":186,"href":"https:\/\/www.saengerrunde.net\/sgrd\/index.php\/wp-json\/wp\/v2\/pages\/106\/revisions\/186"}],"wp:attachment":[{"href":"https:\/\/www.saengerrunde.net\/sgrd\/index.php\/wp-json\/wp\/v2\/media?parent=106"}],"curies":[{"name":"wp","href":"https:\/\/api.w.org\/{rel}","templated":true}]}}