{"id":10,"date":"2025-02-19T19:22:18","date_gmt":"2025-02-19T18:22:18","guid":{"rendered":"http:\/\/www.saengerrunde.net\/sgrd\/?page_id=10"},"modified":"2026-01-08T14:16:38","modified_gmt":"2026-01-08T13:16:38","slug":"start","status":"publish","type":"page","link":"https:\/\/www.saengerrunde.net\/sgrd\/","title":{"rendered":"Start"},"content":{"rendered":"<p>[et_pb_section fb_built=&#8220;1&#8243; admin_label=&#8220;Header&#8220; _builder_version=&#8220;4.27.4&#8243; _module_preset=&#8220;93fc173a-8ddb-4895-b0ef-bfcf1d5f7dc6&#8243; background_color=&#8220;#0C71C3&#8243; background_color_gradient_overlays_image=&#8220;off&#8220; background_image=&#8220;http:\/\/www.saengerrunde.net\/sgrd\/wp-content\/uploads\/2025\/02\/non-profit-03.jpg&#8220; custom_padding=&#8220;||||false|false&#8220; collapsed=&#8220;on&#8220; global_colors_info=&#8220;{%22gcid-d119accd-44d7-4f2f-b9d7-599c8463324b%22:%91%22background_color_gradient_stops%22,%22background_color_gradient_stops%22,%22background_color_gradient_stops%22,%22background_color_gradient_stops%22%93,%22gcid-38dfb4bb-7215-4014-995e-8209875e07d3%22:%91%22background_color_gradient_stops%22,%22background_color_gradient_stops%22%93,%22gcid-1f1bf5fb-a99d-4acc-8d9e-ddac074c158c%22:%91%22background_color_gradient_stops%22,%22background_color_gradient_stops%22%93,%22gcid-4c79ba3d-a281-4fb6-9b14-02f9a4c793f2%22:%91%22background_color_gradient_stops%22,%22background_color_gradient_stops%22%93,%22gcid-688c464a-d6f2-4296-b592-395352c71c79%22:%91%22background_color_gradient_stops%22,%22background_color_gradient_stops%22%93}&#8220;][et_pb_row _builder_version=&#8220;4.25.2&#8243; _module_preset=&#8220;default&#8220; custom_margin=&#8220;3vw||3vw||true|false&#8220; custom_padding=&#8220;||||false&#8220; global_colors_info=&#8220;{}&#8220;][et_pb_column type=&#8220;4_4&#8243; _builder_version=&#8220;4.25.1&#8243; _module_preset=&#8220;default&#8220; global_colors_info=&#8220;{}&#8220;][et_pb_heading title=&#8220;S\u00e4ngerrunde Kritzendorf&#8220; _builder_version=&#8220;4.27.4&#8243; _module_preset=&#8220;5cc275b2-b54a-44e7-a32c-abf79622799f&#8220; title_text_align=&#8220;center&#8220; custom_margin=&#8220;||10px||false|false&#8220; global_colors_info=&#8220;{}&#8220;][\/et_pb_heading][et_pb_text _builder_version=&#8220;4.27.4&#8243; _module_preset=&#8220;6efb6bbd-12a1-4834-b469-9798f4a40b40&#8243; text_text_color=&#8220;#0C71C3&#8243; text_font_size=&#8220;25px&#8220; text_orientation=&#8220;center&#8220; global_colors_info=&#8220;{}&#8220;]<\/p>\n<p>macht Freude am Singen in einer Gemeinschaft!<\/p>\n<p>[\/et_pb_text][\/et_pb_column][\/et_pb_row][et_pb_row column_structure=&#8220;1_3,1_3,1_3&#8243; make_equal=&#8220;on&#8220; _builder_version=&#8220;4.25.2&#8243; _module_preset=&#8220;default&#8220; global_colors_info=&#8220;{}&#8220;][et_pb_column type=&#8220;1_3&#8243; _builder_version=&#8220;4.25.2&#8243; _module_preset=&#8220;52115fba-d092-4238-883d-5957f46de4ce&#8220; global_colors_info=&#8220;{}&#8220;][et_pb_heading title=&#8220;Jeder Mann sollte einmal im Leben&#8220; _builder_version=&#8220;4.27.4&#8243; _module_preset=&#8220;59f599c4-b01e-4a9b-a0a5-f7b3e354c75a&#8220; title_text_color=&#8220;gcid-primary-color&#8220; custom_margin=&#8220;||10px||false|false&#8220; global_colors_info=&#8220;{%22gcid-primary-color%22:%91%22title_text_color%22%93}&#8220;][\/et_pb_heading][et_pb_text _builder_version=&#8220;4.27.4&#8243; _module_preset=&#8220;6efb6bbd-12a1-4834-b469-9798f4a40b40&#8243; global_colors_info=&#8220;{}&#8220;]<\/p>\n<ul>\n<li>eine Frau gek\u00fcsst,<\/li>\n<li>einen Baum gepflanzt und<\/li>\n<li>in einem M\u00e4nnerchor gesungen haben!<\/li>\n<\/ul>\n<p>[\/et_pb_text][\/et_pb_column][et_pb_column type=&#8220;1_3&#8243; _builder_version=&#8220;4.25.2&#8243; _module_preset=&#8220;b2afa376-ca13-4be9-8294-3d2b586e8a03&#8243; global_colors_info=&#8220;{%22gcid-4c79ba3d-a281-4fb6-9b14-02f9a4c793f2%22:%91%22background_color%22%93}&#8220;][et_pb_heading title=&#8220;Singen &#038; Geselligkeit&#8220; _builder_version=&#8220;4.27.4&#8243; _module_preset=&#8220;59f599c4-b01e-4a9b-a0a5-f7b3e354c75a&#8220; title_text_color=&#8220;#FFFFFF&#8220; custom_margin=&#8220;||10px||false|false&#8220; global_colors_info=&#8220;{}&#8220;][\/et_pb_heading][et_pb_text _builder_version=&#8220;4.27.4&#8243; _module_preset=&#8220;a4d5bd0b-c6df-4efa-93df-b960974f4af4&#8243;]<\/p>\n<p>Kein Konzert ohne Proben, bei denen neue St\u00fccke einstudiert werden und bekannte Lieder den Feinschliff erhalten. Der Probenausklang in geselliger Runde darf dabei nicht fehlen!<\/p>\n<p>[\/et_pb_text][\/et_pb_column][et_pb_column type=&#8220;1_3&#8243; _builder_version=&#8220;4.25.1&#8243; _module_preset=&#8220;default&#8220; global_colors_info=&#8220;{}&#8220;][et_pb_image src=&#8220;http:\/\/www.saengerrunde.net\/sgrd\/wp-content\/uploads\/2025\/03\/17-ternitz-43-17.jpg&#8220; title_text=&#8220;17-ternitz-43-17&#8243; _builder_version=&#8220;4.27.4&#8243; _module_preset=&#8220;da67ba06-0b57-4aa2-8cc1-fc814cab47ba&#8220; global_colors_info=&#8220;{}&#8220;][\/et_pb_image][et_pb_button button_url=&#8220;@ET-DC@eyJkeW5hbWljIjp0cnVlLCJjb250ZW50IjoicG9zdF9saW5rX3VybF9wYWdlIiwic2V0dGluZ3MiOnsicG9zdF9pZCI6IjEwNiJ9fQ==@&#8220; button_text=&#8220;Mit einer Spende unterst\u00fctzen&#8220; button_alignment=&#8220;center&#8220; _builder_version=&#8220;4.27.4&#8243; _dynamic_attributes=&#8220;button_url&#8220; _module_preset=&#8220;ad1327f9-53bb-4a56-8866-b634379242f6&#8243; custom_css_main_element=&#8220;width: 100%&#8220; global_colors_info=&#8220;{}&#8220;][\/et_pb_button][\/et_pb_column][\/et_pb_row][\/et_pb_section][et_pb_section fb_built=&#8220;1&#8243; admin_label=&#8220;Mission&#8220; _builder_version=&#8220;4.25.2&#8243; _module_preset=&#8220;5ca0172d-92d0-465d-bd0d-1f5afa9d3ac6&#8243; custom_margin=&#8220;||||false&#8220; custom_padding=&#8220;5vw||5vw||true|false&#8220; collapsed=&#8220;on&#8220; global_colors_info=&#8220;{}&#8220;][et_pb_row _builder_version=&#8220;4.25.1&#8243; _module_preset=&#8220;default&#8220; max_width=&#8220;900px&#8220; global_colors_info=&#8220;{}&#8220;][et_pb_column type=&#8220;4_4&#8243; _builder_version=&#8220;4.25.1&#8243; _module_preset=&#8220;default&#8220; global_colors_info=&#8220;{}&#8220;][et_pb_heading title=&#8220;Unsere Zielsetzung&#8220; _builder_version=&#8220;4.27.4&#8243; _module_preset=&#8220;9c893687-ec67-4d71-bd14-51846ddf40ec&#8220; title_text_align=&#8220;center&#8220; title_text_color=&#8220;gcid-secondary-color&#8220; global_colors_info=&#8220;{%22gcid-secondary-color%22:%91%22title_text_color%22%93}&#8220;][\/et_pb_heading][et_pb_heading title=&#8220; Pflege des Chorgesanges und der F\u00f6rderung der musikalischen, kulturellen sowie freundschaftlichen Beziehungen zwischen den Vereinsmitgliedern.&#8220; _builder_version=&#8220;4.27.4&#8243; _module_preset=&#8220;f227339e-7765-464e-a406-f347a16a3e1c&#8220; title_text_align=&#8220;center&#8220; title_text_color=&#8220;#FFFFFF&#8220; global_colors_info=&#8220;{}&#8220;][\/et_pb_heading][\/et_pb_column][\/et_pb_row][\/et_pb_section][et_pb_section fb_built=&#8220;1&#8243; admin_label=&#8220;Call to Action&#8220; _builder_version=&#8220;4.27.4&#8243; _module_preset=&#8220;default&#8220; background_enable_color=&#8220;off&#8220; background_image=&#8220;http:\/\/www.saengerrunde.net\/sgrd\/wp-content\/uploads\/2025\/02\/DSCN3039-Ausschnitt-1.jpg&#8220; parallax=&#8220;on&#8220; custom_margin=&#8220;||||false&#8220; custom_padding=&#8220;8vw||8vw||true|false&#8220; collapsed=&#8220;on&#8220; global_colors_info=&#8220;{}&#8220;][et_pb_row column_structure=&#8220;1_2,1_2&#8243; _builder_version=&#8220;4.25.2&#8243; _module_preset=&#8220;default&#8220; global_colors_info=&#8220;{}&#8220;][et_pb_column type=&#8220;1_2&#8243; _builder_version=&#8220;4.25.2&#8243; _module_preset=&#8220;b7833b95-2e9d-4a64-a14a-e265ab475b11&#8243; global_colors_info=&#8220;{%22gcid-1f1b4e15-7cc6-4e13-8154-74d77a956460%22:%91%22background_color%22%93}&#8220;][et_pb_heading title=&#8220;Singen verbindet&#8220; _builder_version=&#8220;4.27.4&#8243; _module_preset=&#8220;f227339e-7765-464e-a406-f347a16a3e1c&#8220; title_text_align=&#8220;center&#8220; title_text_color=&#8220;#FFFFFF&#8220; custom_margin=&#8220;||10px||false|false&#8220; global_colors_info=&#8220;{}&#8220;][\/et_pb_heading][et_pb_text _builder_version=&#8220;4.27.4&#8243; _module_preset=&#8220;a4d5bd0b-c6df-4efa-93df-b960974f4af4&#8243; text_orientation=&#8220;center&#8220;]<\/p>\n<p>Das Singen in einem Chor wirkt sich nachweislich positiv auf die Gesundheit aus. Dar\u00fcber hinaus ist es ein guter T\u00fcr\u00f6ffner um soziale Kontakte zu kn\u00fcpfen und zu pflegen!<\/p>\n<p>[\/et_pb_text][\/et_pb_column][et_pb_column type=&#8220;1_2&#8243; _builder_version=&#8220;4.25.1&#8243; _module_preset=&#8220;default&#8220; global_colors_info=&#8220;{}&#8220;][\/et_pb_column][\/et_pb_row][\/et_pb_section][et_pb_section fb_built=&#8220;1&#8243; admin_label=&#8220;Programs&#8220; _builder_version=&#8220;4.27.4&#8243; _module_preset=&#8220;default&#8220; collapsed=&#8220;on&#8220; global_colors_info=&#8220;{}&#8220;][et_pb_row _builder_version=&#8220;4.25.1&#8243; _module_preset=&#8220;default&#8220; global_colors_info=&#8220;{}&#8220;][et_pb_column type=&#8220;4_4&#8243; _builder_version=&#8220;4.25.1&#8243; _module_preset=&#8220;default&#8220; global_colors_info=&#8220;{}&#8220;][et_pb_heading title=&#8220;Unsere Aktivit\u00e4ten&#8220; _builder_version=&#8220;4.27.4&#8243; _module_preset=&#8220;9c893687-ec67-4d71-bd14-51846ddf40ec&#8220; title_text_color=&#8220;gcid-primary-color&#8220; custom_margin=&#8220;||0px||false|false&#8220; global_colors_info=&#8220;{%22gcid-primary-color%22:%91%22title_text_color%22%93}&#8220;][\/et_pb_heading][et_pb_heading title=&#8220;Auftritte &#038; Projekte&#8220; _builder_version=&#8220;4.27.4&#8243; _module_preset=&#8220;0282dd0d-8e79-4977-96d2-ef98d6d3d069&#8243; global_colors_info=&#8220;{}&#8220;][\/et_pb_heading][\/et_pb_column][\/et_pb_row][et_pb_row column_structure=&#8220;1_3,1_3,1_3&#8243; _builder_version=&#8220;4.25.1&#8243; _module_preset=&#8220;default&#8220; global_colors_info=&#8220;{}&#8220;][et_pb_column type=&#8220;1_3&#8243; _builder_version=&#8220;4.25.1&#8243; _module_preset=&#8220;default&#8220; global_colors_info=&#8220;{}&#8220;][et_pb_image src=&#8220;http:\/\/www.saengerrunde.net\/sgrd\/wp-content\/uploads\/2025\/03\/DSCN5314.jpg&#8220; title_text=&#8220;DSCN5314&#8243; _builder_version=&#8220;4.27.4&#8243; _module_preset=&#8220;da67ba06-0b57-4aa2-8cc1-fc814cab47ba&#8220; custom_margin=&#8220;||||false|false&#8220; global_colors_info=&#8220;{}&#8220;][\/et_pb_image][et_pb_heading title=&#8220;Die Liedertafel &#8211; das Sommer-Konzert&#8220; _builder_version=&#8220;4.27.4&#8243; _module_preset=&#8220;59f599c4-b01e-4a9b-a0a5-f7b3e354c75a&#8220; custom_margin=&#8220;||0px||false|false&#8220; global_colors_info=&#8220;{}&#8220;][\/et_pb_heading][et_pb_text _builder_version=&#8220;4.27.4&#8243; _module_preset=&#8220;6efb6bbd-12a1-4834-b469-9798f4a40b40&#8243; custom_margin=&#8220;||10px||false|false&#8220; global_colors_info=&#8220;{}&#8220;]<\/p>\n<p>Jedes Jahr veranstalten wir ein Sommerkonzert &#8211; traditionell Liedertafel genannt &#8211; jeweils mit einem anderen Schwerpunkt. Das Repertoire umspannt Lieder aus dem 16.\u00a0 bis in das 21. Jahrhundert.<\/p>\n<p>[\/et_pb_text][et_pb_button button_url=&#8220;@ET-DC@eyJkeW5hbWljIjp0cnVlLCJjb250ZW50IjoicG9zdF9saW5rX3VybF9wYWdlIiwic2V0dGluZ3MiOnsicG9zdF9pZCI6IjIyIn19@&#8220; button_text=&#8220;Was ist eine Liedertafel?&#8220; _builder_version=&#8220;4.27.4&#8243; _dynamic_attributes=&#8220;button_url&#8220; _module_preset=&#8220;509e8fe3-8b41-4e8d-a483-74b68b7e4d24&#8243; global_colors_info=&#8220;{}&#8220;][\/et_pb_button][\/et_pb_column][et_pb_column type=&#8220;1_3&#8243; _builder_version=&#8220;4.25.1&#8243; _module_preset=&#8220;default&#8220; global_colors_info=&#8220;{}&#8220;][et_pb_image src=&#8220;http:\/\/www.saengerrunde.net\/sgrd\/wp-content\/uploads\/2025\/03\/DSC_0864.jpg&#8220; title_text=&#8220;DSC_0864&#8243; _builder_version=&#8220;4.27.4&#8243; _module_preset=&#8220;da67ba06-0b57-4aa2-8cc1-fc814cab47ba&#8220; custom_margin=&#8220;||||false|false&#8220; global_colors_info=&#8220;{}&#8220;][\/et_pb_image][et_pb_heading title=&#8220;Adventsingen in Kritzendorf&#8220; _builder_version=&#8220;4.27.4&#8243; _module_preset=&#8220;59f599c4-b01e-4a9b-a0a5-f7b3e354c75a&#8220; custom_margin=&#8220;||0px||false|false&#8220; global_colors_info=&#8220;{}&#8220;][\/et_pb_heading][et_pb_text _builder_version=&#8220;4.27.4&#8243; _module_preset=&#8220;6efb6bbd-12a1-4834-b469-9798f4a40b40&#8243; custom_margin=&#8220;||10px||false|false&#8220; global_colors_info=&#8220;{}&#8220;]<\/p>\n<p>Was w\u00e4re der Kritzendorfer Advent ohne das Adventsingen der S\u00e4ngerrunde das fast immer am dritten Adventsonntag stattfindet. &#8222;Gaudete&#8220; &#8211; &#8222;Freuet Euch&#8220; &#8211; ist dann das Motto und da darf bei alten und neuen Adventliedern und -Geschichten aus aller Welt auch herzlich gelacht werden.<\/p>\n<p>[\/et_pb_text][et_pb_button button_url=&#8220;@ET-DC@eyJkeW5hbWljIjp0cnVlLCJjb250ZW50IjoicG9zdF9saW5rX3VybF9wYWdlIiwic2V0dGluZ3MiOnsicG9zdF9pZCI6IjIwIn19@&#8220; button_text=&#8220;Mehr zum Adventsingen&#8220; _builder_version=&#8220;4.27.4&#8243; _dynamic_attributes=&#8220;button_url&#8220; _module_preset=&#8220;509e8fe3-8b41-4e8d-a483-74b68b7e4d24&#8243; global_colors_info=&#8220;{}&#8220;][\/et_pb_button][\/et_pb_column][et_pb_column type=&#8220;1_3&#8243; _builder_version=&#8220;4.25.1&#8243; _module_preset=&#8220;default&#8220; global_colors_info=&#8220;{}&#8220;][et_pb_image src=&#8220;http:\/\/www.saengerrunde.net\/sgrd\/wp-content\/uploads\/2025\/03\/DSCN5421.jpg&#8220; title_text=&#8220;DSCN5421&#8243; _builder_version=&#8220;4.27.4&#8243; _module_preset=&#8220;da67ba06-0b57-4aa2-8cc1-fc814cab47ba&#8220; custom_margin=&#8220;||||false|false&#8220; global_colors_info=&#8220;{}&#8220;][\/et_pb_image][et_pb_heading title=&#8220;Gast-Auftritte&#8220; _builder_version=&#8220;4.27.4&#8243; _module_preset=&#8220;59f599c4-b01e-4a9b-a0a5-f7b3e354c75a&#8220; custom_margin=&#8220;||0px||false|false&#8220; global_colors_info=&#8220;{}&#8220;][\/et_pb_heading][et_pb_text _builder_version=&#8220;4.27.4&#8243; _module_preset=&#8220;6efb6bbd-12a1-4834-b469-9798f4a40b40&#8243; custom_margin=&#8220;||10px||false|false&#8220; global_colors_info=&#8220;{}&#8220;]<\/p>\n<p>Wir freuen uns immer wieder \u00fcber Gast-Auftritte &#8211; sei es beim Wiener Adventsingen im Rathaus, beim Kritzendorfer Kulturpicknick, auf dem Weinliedfestival in Ungarn, beim &#8222;Eingesteckt is'&#8220; &#8211; Festival in St.Andr\u00e4-W\u00f6rdern oder am Kritzendorfer Riedenfest.<\/p>\n<p>[\/et_pb_text][et_pb_video src=&#8220;https:\/\/www.youtube.com\/watch?v=QZjOeA7irnk&#8220; _builder_version=&#8220;4.27.4&#8243; _module_preset=&#8220;default&#8220; global_colors_info=&#8220;{}&#8220;][\/et_pb_video][et_pb_button button_url=&#8220;@ET-DC@eyJkeW5hbWljIjp0cnVlLCJjb250ZW50IjoicG9zdF9saW5rX3VybF9wYWdlIiwic2V0dGluZ3MiOnsicG9zdF9pZCI6IjE0MyJ9fQ==@&#8220; button_text=&#8220;Was wir vorhaben&#8220; _builder_version=&#8220;4.27.4&#8243; _dynamic_attributes=&#8220;button_url&#8220; _module_preset=&#8220;509e8fe3-8b41-4e8d-a483-74b68b7e4d24&#8243; global_colors_info=&#8220;{}&#8220;][\/et_pb_button][\/et_pb_column][\/et_pb_row][\/et_pb_section][et_pb_section fb_built=&#8220;1&#8243; admin_label=&#8220;Call to Action&#8220; _builder_version=&#8220;4.27.4&#8243; _module_preset=&#8220;210f8fcf-b94a-49ca-9121-f77773daaeb3&#8243; background_color=&#8220;RGBA(255,255,255,0)&#8220; background_color_gradient_type=&#8220;circular&#8220; background_color_gradient_direction_radial=&#8220;top left&#8220; background_color_gradient_stops=&#8220;#072130 11%|#072130 11%|rgba(255,255,255,0) 100%|rgba(255,255,255,0) 100%&#8220; background_image=&#8220;http:\/\/www.saengerrunde.net\/sgrd\/wp-content\/uploads\/2025\/02\/IMG_7819.jpg&#8220; parallax=&#8220;on&#8220; custom_padding=&#8220;8vw||8vw||true|false&#8220; background_last_edited=&#8220;on|desktop&#8220; background_size_phone=&#8220;cover&#8220; locked=&#8220;off&#8220; collapsed=&#8220;on&#8220; global_colors_info=&#8220;{%22gcid-38dfb4bb-7215-4014-995e-8209875e07d3%22:%91%22background_color_gradient_stops%22,%22background_color_gradient_stops%22%93}&#8220;][et_pb_row _builder_version=&#8220;4.27.4&#8243; _module_preset=&#8220;default&#8220; max_width=&#8220;700px&#8220; global_colors_info=&#8220;{}&#8220;][et_pb_column type=&#8220;4_4&#8243; _builder_version=&#8220;4.25.2&#8243; _module_preset=&#8220;default&#8220; global_colors_info=&#8220;{}&#8220;][et_pb_heading title=&#8220;Was f\u00fcr das Singen im Chor spricht?&#8220; _builder_version=&#8220;4.27.4&#8243; _module_preset=&#8220;f227339e-7765-464e-a406-f347a16a3e1c&#8220; title_text_align=&#8220;left&#8220; title_text_color=&#8220;#FFFFFF&#8220; custom_margin=&#8220;||10px||false|false&#8220; global_colors_info=&#8220;{}&#8220;][\/et_pb_heading][et_pb_text _builder_version=&#8220;4.27.4&#8243; _module_preset=&#8220;a4d5bd0b-c6df-4efa-93df-b960974f4af4&#8243; text_orientation=&#8220;center&#8220; global_colors_info=&#8220;{}&#8220;]<\/p>\n<ul>\n<li style=\"text-align: left;\">Gemeinsames Singen macht gl\u00fccklich, weil dabei Gl\u00fcckshormone ausgesch\u00fcttet werden<\/li>\n<li style=\"text-align: left;\">Das Gef\u00fchl der Gemeinschaft tut gut, <br \/>weil dabei Oxytozin f\u00fcr das Wohlf\u00fchlen ausgesch\u00fcttet wird<\/li>\n<li style=\"text-align: left;\">Chorsingen st\u00e4rkt das Selbstvertrauen<\/li>\n<li style=\"text-align: left;\">Die Atmung beim Singen ist gut f\u00fcr den Kreislauf,<br \/>da sie das Herz st\u00e4rkt und den Blutdruck reguliert<\/li>\n<li style=\"text-align: left;\">Singende Menschen leben l\u00e4nger, wie schon Studien aus den 90er Jahren belegen<\/li>\n<\/ul>\n<p>[\/et_pb_text][et_pb_button button_url=&#8220;@ET-DC@eyJkeW5hbWljIjp0cnVlLCJjb250ZW50IjoicG9zdF9saW5rX3VybF9wYWdlIiwic2V0dGluZ3MiOnsicG9zdF9pZCI6IjEwNiJ9fQ==@&#8220; button_text=&#8220;Mitmachen&#8220; _builder_version=&#8220;4.27.4&#8243; _dynamic_attributes=&#8220;button_url&#8220; _module_preset=&#8220;ec232acc-c5d4-452c-a33a-229826290fa9&#8243; button_text_color=&#8220;#FFFFFF&#8220; button_bg_color=&#8220;#0e4cf7&#8243; button_icon_color=&#8220;#FFFFFF&#8220; global_colors_info=&#8220;{}&#8220;][\/et_pb_button][\/et_pb_column][\/et_pb_row][\/et_pb_section][et_pb_section fb_built=&#8220;1&#8243; specialty=&#8220;on&#8220; admin_label=&#8220;Get Involved&#8220; _builder_version=&#8220;4.25.1&#8243; _module_preset=&#8220;default&#8220; collapsed=&#8220;on&#8220; global_colors_info=&#8220;{}&#8220;][et_pb_column type=&#8220;1_2&#8243; _builder_version=&#8220;4.16&#8243; custom_padding=&#8220;|||&#8220; global_colors_info=&#8220;{}&#8220; custom_padding__hover=&#8220;|||&#8220;][et_pb_heading title=&#8220;Wie Du uns unterst\u00fctzen kannst?&#8220; _builder_version=&#8220;4.27.4&#8243; _module_preset=&#8220;9c893687-ec67-4d71-bd14-51846ddf40ec&#8220; title_text_color=&#8220;gcid-primary-color&#8220; custom_margin=&#8220;||0px||false|false&#8220; locked=&#8220;off&#8220; global_colors_info=&#8220;{%22gcid-primary-color%22:%91%22title_text_color%22%93}&#8220;][\/et_pb_heading][et_pb_heading title=&#8220;Aktiv mitmachen&#8220; _builder_version=&#8220;4.25.1&#8243; _module_preset=&#8220;0282dd0d-8e79-4977-96d2-ef98d6d3d069&#8243; global_colors_info=&#8220;{}&#8220;][\/et_pb_heading][et_pb_blurb title=&#8220;Werde ein aktiver S\u00e4nger&#8220; use_icon=&#8220;on&#8220; font_icon=&#8220;&#x52;||divi||400&#8243; _builder_version=&#8220;4.27.4&#8243; _module_preset=&#8220;03e46063-7fc3-4f61-a3fb-9fb30369f371&#8243; global_colors_info=&#8220;{}&#8220;]<\/p>\n<p>Du willst die Tage als Solos\u00e4nger unter der Dusche hinter Dir lassen, das Kribbeln vor dem Auftritt sp\u00fcren und den wohlverdienten Applaus genie\u00dfen? Dann bist Du bei uns richtig!<\/p>\n<p>[\/et_pb_blurb][et_pb_blurb title=&#8220;Werde unterst\u00fctzendes Mitglied&#8220; use_icon=&#8220;on&#8220; font_icon=&#8220;&#x52;||divi||400&#8243; _builder_version=&#8220;4.27.4&#8243; _module_preset=&#8220;03e46063-7fc3-4f61-a3fb-9fb30369f371&#8243; global_colors_info=&#8220;{}&#8220;]<\/p>\n<p>Wir sind allen unterst\u00fctzenden Mitgliedern sehr dankbar, die mit Ihrem Mitgliedsbeitrag erst Veranstaltungen m\u00f6glich machen mit allem was dazugeh\u00f6rt, wie Saalmiete, Plakatwerbung, Einladungen, Programme etc.<\/p>\n<p>[\/et_pb_blurb][et_pb_button button_url=&#8220;@ET-DC@eyJkeW5hbWljIjp0cnVlLCJjb250ZW50IjoicG9zdF9saW5rX3VybF9wYWdlIiwic2V0dGluZ3MiOnsicG9zdF9pZCI6IjEwNiJ9fQ==@&#8220; button_text=&#8220;Mehr erfahren&#8220; _builder_version=&#8220;4.27.4&#8243; _dynamic_attributes=&#8220;button_url&#8220; _module_preset=&#8220;ad1327f9-53bb-4a56-8866-b634379242f6&#8243; global_colors_info=&#8220;{}&#8220;][\/et_pb_button][\/et_pb_column][et_pb_column type=&#8220;1_2&#8243; specialty_columns=&#8220;2&#8243; _builder_version=&#8220;4.16&#8243; custom_padding=&#8220;|||&#8220; global_colors_info=&#8220;{}&#8220; custom_padding__hover=&#8220;|||&#8220;][et_pb_row_inner column_structure=&#8220;1_2,1_2&#8243; use_custom_gutter=&#8220;on&#8220; gutter_width=&#8220;2&#8243; _builder_version=&#8220;4.25.1&#8243; _module_preset=&#8220;default&#8220; global_colors_info=&#8220;{}&#8220;][et_pb_column_inner type=&#8220;1_2&#8243; saved_specialty_column_type=&#8220;1_2&#8243; _builder_version=&#8220;4.25.1&#8243; _module_preset=&#8220;default&#8220; global_colors_info=&#8220;{}&#8220;][et_pb_image src=&#8220;http:\/\/www.saengerrunde.net\/sgrd\/wp-content\/uploads\/2025\/03\/IMG_0511-rotated.jpg&#8220; title_text=&#8220;IMG_0511&#8243; _builder_version=&#8220;4.27.4&#8243; _module_preset=&#8220;da67ba06-0b57-4aa2-8cc1-fc814cab47ba&#8220; global_colors_info=&#8220;{}&#8220;][\/et_pb_image][\/et_pb_column_inner][et_pb_column_inner type=&#8220;1_2&#8243; saved_specialty_column_type=&#8220;1_2&#8243; _builder_version=&#8220;4.25.1&#8243; _module_preset=&#8220;default&#8220; global_colors_info=&#8220;{}&#8220;][et_pb_image src=&#8220;http:\/\/www.saengerrunde.net\/sgrd\/wp-content\/uploads\/2025\/03\/54-P1120484.jpg&#8220; title_text=&#8220;54-P1120484&#8243; _builder_version=&#8220;4.27.4&#8243; _module_preset=&#8220;da67ba06-0b57-4aa2-8cc1-fc814cab47ba&#8220; locked=&#8220;off&#8220; global_colors_info=&#8220;{}&#8220;][\/et_pb_image][et_pb_image src=&#8220;http:\/\/www.saengerrunde.net\/sgrd\/wp-content\/uploads\/2025\/03\/Singen-macht-gluecklich.jpg&#8220; title_text=&#8220;Singen-macht-gl\u00fccklich&#8220; _builder_version=&#8220;4.27.4&#8243; _module_preset=&#8220;da67ba06-0b57-4aa2-8cc1-fc814cab47ba&#8220; custom_margin=&#8220;30px||||false|false&#8220; locked=&#8220;off&#8220; global_colors_info=&#8220;{}&#8220;][\/et_pb_image][\/et_pb_column_inner][\/et_pb_row_inner][\/et_pb_column][\/et_pb_section]<\/p>\n","protected":false},"excerpt":{"rendered":"<p>macht Freude am Singen in einer Gemeinschaft! eine Frau gek\u00fcsst, einen Baum gepflanzt und in einem M\u00e4nnerchor gesungen haben! Kein Konzert ohne Proben, bei denen neue St\u00fccke einstudiert werden und bekannte Lieder den Feinschliff erhalten. Der Probenausklang in geselliger Runde darf dabei nicht fehlen!Das Singen in einem Chor wirkt sich nachweislich positiv auf die Gesundheit [&hellip;]<\/p>\n","protected":false},"author":1,"featured_media":0,"parent":0,"menu_order":0,"comment_status":"closed","ping_status":"closed","template":"","meta":{"_et_pb_use_builder":"on","_et_pb_old_content":"","_et_gb_content_width":"","footnotes":""},"class_list":["post-10","page","type-page","status-publish","hentry"],"_links":{"self":[{"href":"https:\/\/www.saengerrunde.net\/sgrd\/index.php\/wp-json\/wp\/v2\/pages\/10","targetHints":{"allow":["GET"]}}],"collection":[{"href":"https:\/\/www.saengerrunde.net\/sgrd\/index.php\/wp-json\/wp\/v2\/pages"}],"about":[{"href":"https:\/\/www.saengerrunde.net\/sgrd\/index.php\/wp-json\/wp\/v2\/types\/page"}],"author":[{"embeddable":true,"href":"https:\/\/www.saengerrunde.net\/sgrd\/index.php\/wp-json\/wp\/v2\/users\/1"}],"replies":[{"embeddable":true,"href":"https:\/\/www.saengerrunde.net\/sgrd\/index.php\/wp-json\/wp\/v2\/comments?post=10"}],"version-history":[{"count":38,"href":"https:\/\/www.saengerrunde.net\/sgrd\/index.php\/wp-json\/wp\/v2\/pages\/10\/revisions"}],"predecessor-version":[{"id":268,"href":"https:\/\/www.saengerrunde.net\/sgrd\/index.php\/wp-json\/wp\/v2\/pages\/10\/revisions\/268"}],"wp:attachment":[{"href":"https:\/\/www.saengerrunde.net\/sgrd\/index.php\/wp-json\/wp\/v2\/media?parent=10"}],"curies":[{"name":"wp","href":"https:\/\/api.w.org\/{rel}","templated":true}]}}